{"id":1370,"date":"2020-02-07T09:11:17","date_gmt":"2020-02-07T08:11:17","guid":{"rendered":"https:\/\/www.secuscan.com\/system\/"},"modified":"2025-07-04T10:34:35","modified_gmt":"2025-07-04T09:34:35","slug":"system","status":"publish","type":"page","link":"https:\/\/www.secuscan.com\/de\/system\/","title":{"rendered":"System"},"content":{"rendered":"<p>[et_pb_section fb_built=&#8220;1&#8243; fullwidth=&#8220;on&#8220; _builder_version=&#8220;4.16&#8243; background_color=&#8220;#dedfde&#8220; global_colors_info=&#8220;{}&#8220;][et_pb_fullwidth_code _builder_version=&#8220;4.27.4&#8243; width=&#8220;100%&#8220; max_width=&#8220;1280px&#8220; module_alignment=&#8220;center&#8220; global_colors_info=&#8220;{}&#8220;]<div><div id=\"image-map-pro-eede72b4-59bb-4d60-b7d3-fcca606c4e63\"><\/div><\/div>[\/et_pb_fullwidth_code][\/et_pb_section][et_pb_section fb_built=&#8220;1&#8243; _builder_version=&#8220;4.16&#8243; global_colors_info=&#8220;{}&#8220;][et_pb_row _builder_version=&#8220;4.16&#8243; global_colors_info=&#8220;{}&#8220;][et_pb_column type=&#8220;4_4&#8243; _builder_version=&#8220;4.16&#8243; global_colors_info=&#8220;{}&#8220;][et_pb_text _builder_version=&#8220;4.16&#8243; global_colors_info=&#8220;{}&#8220;]<\/p>\n<h1>Systembeschreibung<\/h1>\n<p>Die Hauptkomponenten des Fahrzeugunterbodenkontrollsystems SecuScan\u00ae sind:<\/p>\n<ol>\n<li>Scanner<\/li>\n<li>Scanstation (Arbeitsstation)<\/li>\n<li>Start\/Stop Sensor<\/li>\n<li>Ampel<\/li>\n<li>Kennerzeichenerkennung (optional)<\/li>\n<li>Scene Camera \/ \u00dcbersichtskamera (optional)<\/li>\n<\/ol>\n<p>Das Fahrzeugunterbodenkontrollsystem von SecuScan\u00ae ist mit einem extrem robusten Edelstahlgeh\u00e4use (station\u00e4res System) oder mit stark belastbaren Rampen (mobiles System) erh\u00e4ltlich.<\/p>\n<p>Die Scaneinheit erfasst die <strong>gesamte Unterseite<\/strong> <strong>eines Fahrzeugs<\/strong> und stellt diese in <strong>einem hochaufl\u00f6senden Farbbild<\/strong> auf dem mitgelieferten Monitor dar. In diesem Farbbild kann stufenlos bis in das kleinste Detail (bis 5 mm) gezoomt werden.<\/p>\n<p>Um die Unterseite ma\u00dfstabsgetreu darzustellen, werden die unterschiedlichen H\u00f6hen der Fahrzeuge (PKW \/ LKW) sowie die Fahrzeugl\u00e4nge automatisch ber\u00fccksichtigt.<\/p>\n<p>Die Fahrzeuge werden mit ihrem Kennzeichen in der Datenbank gespeichert. \u00a0Dabei kann die Eingabe manuell oder automatisiert \u00fcber das optionale Kennzeichenerkennungssystem erfolgen.<\/p>\n<p>Mit Hilfe der Software von SecuScan\u00ae werden die gesammelten Fahrzeugdaten \u00fcbersichtlich und anwenderfreundlich auf dem Bedienmonitor dargestellt.<\/p>\n<p>Bei wiederkehrenden Fahrzeugen wird das aktuelle Bild der Fahrzeugunterseite mit einem bereits archivierten Scan desselben Fahrzeugs verglichen und Ver\u00e4nderungen innerhalb von Sekunden im Bild markiert.[\/et_pb_text][et_pb_video src=&#8220;https:\/\/youtu.be\/1YtdskByvXU&#8220; image_src=&#8220;\/\/i.ytimg.com\/vi\/1YtdskByvXU\/hqdefault.jpg&#8220; thumbnail_overlay_color=&#8220;rgba(0,0,0,0.6)&#8220; _builder_version=&#8220;4.16&#8243; global_colors_info=&#8220;{}&#8220;][\/et_pb_video][et_pb_text _builder_version=&#8220;4.16&#8243; global_colors_info=&#8220;{}&#8220;]<\/p>\n<h2>AUTOMATISCHE OBJEKTERKENNUNG<\/h2>\n<p>Das Fahrzeugunterbodenkontrollsystem von SecuScan\u00ae ist mit einem Algorithmus zur automatischen Erkennung von Fremdk\u00f6rpern oder Ver\u00e4nderungen am Unterboden der gescannten Fahrzeuge ausgestattet. Der aktuelle Scan wird mit einem fr\u00fcheren Scan desselben Fahrzeugs verglichen. Dabei werden die festgestellten Unterschiede deutlich durch rote Markierungszeichen am \u00dcberwachungsbildschirm dargestellt. Dies unterst\u00fctzt das eingesetzte Sicherheitspersonal zus\u00e4tzlich bei der Erkennung von sicherheitsgef\u00e4hrdenden Gegenst\u00e4nden, wie Sprengstoff, Waffen, Schmuggelware etc.<\/p>\n<h2>Wieso SECUSCAN\u00ae?<\/h2>\n<p><\/p>\n<ul>\n<li>H\u00f6chste Bildaufl\u00f6sung<\/li>\n<li>Bilddarstellung in Farbe<\/li>\n<li>Automatische Erkennung von Ver\u00e4nderung<\/li>\n<li>Zoomfunktion f\u00fcr die Kontrolle bis ins kleinste Detail<\/li>\n<li>Abbildung der kompletten Fahrzeugunterb\u00f6den &#8211; inklusive der T\u00fcrschweller<\/li>\n<li>Netzwerkf\u00e4higkeit zum Datenaustausch mehrerer Systeme untereinander bzw. mit einem \u00fcbergeordneten Leitsystem<\/li>\n<li>Schnittstellen zu anderen Anwendungen<\/li>\n<li>Einsatz in allen Klimazonen<\/li>\n<\/ul>\n<p>[\/et_pb_text][et_pb_text admin_label=&#8220;Artikel &#8211; Middle East Magazin&#8220; _builder_version=&#8220;4.16&#8243; text_font=&#8220;||on||||||&#8220; background_color=&#8220;rgba(10,10,10,0.07)&#8220; custom_padding=&#8220;20px|20px|20px|20px|false|false&#8220; hover_enabled=&#8220;0&#8243; global_colors_info=&#8220;{}&#8220; sticky_enabled=&#8220;0&#8243;]<strong>Article from the Middle East Magazine 2020:<\/strong><\/p>\n<h2>Is your Under Vehicle Scanner colorblind?<\/h2>\n<p><strong>If your answer to this question is yes, you might have a serious lack of security.<\/strong><\/p>\n<p>As under vehicle scanning at gates of security-relevant areas is seen as standard for almost any person in charge for security, this technology today is deployed commonly when new-planning or re-fitting entrance situations. The systems are often combined with overview cameras and license plate recognition systems and therefore act as defense line which helps security personnel to protect sites effectively and in a sustainable way.<\/p>\n<p>As most effective in this area act systems which generate color images, as all hidden objects on the undercarriage of vehicles are displayed clearly. Innovation leader in this field is the German advanced-technology company SecuScan\u00ae. \u00a0&#8222;If you use a system based on red-light or infrared LED technology, hidden objects in specific colors might not be visible. This creates a serious lack of security, which can be solved easily by using our state-of-the-art full color solution&#8220;, SecuScan\u00ae CEO Thomas Gindl explains.<\/p>\n<p>One major problem of monochrome (b\/w) Under Vehicle Scanning is that different colors may have the same grey scale value. Therefore dangerous objects like e.g. bombs or weapons might become invisible on parts of the undercarriage with the same grayscale value (as you clearly can see on the images above).<\/p>\n<p>Monochrome (b\/w) scanning in combination with red light or infrared illumination have definitely its legitimating for industrial quality control or also for other security products. Using this combination for Under Vehicle Scanning is definitely a big lack of security.<\/p>\n<p><a href=\"https:\/\/www.secuscan.com\/wp-content\/uploads\/2020\/05\/Middle-East-Magazin_Druckdatei-2019.pdf\">Download Article<\/a>[\/et_pb_text][\/et_pb_column][\/et_pb_row][\/et_pb_section][et_pb_section fb_built=&#8220;1&#8243; _builder_version=&#8220;4.16&#8243; global_colors_info=&#8220;{}&#8220;][et_pb_row column_structure=&#8220;1_3,1_3,1_3&#8243; use_custom_gutter=&#8220;on&#8220; gutter_width=&#8220;1&#8243; make_equal=&#8220;on&#8220; _builder_version=&#8220;4.16&#8243; background_enable_color=&#8220;off&#8220; background_size=&#8220;initial&#8220; background_position=&#8220;top_left&#8220; background_repeat=&#8220;repeat&#8220; module_alignment=&#8220;center&#8220; custom_margin=&#8220;0px|0px|0px|0px|false|false&#8220; custom_padding=&#8220;0px|0px|0px|0px|true|true&#8220; locked=&#8220;off&#8220; global_colors_info=&#8220;{}&#8220;][et_pb_column type=&#8220;1_3&#8243; _builder_version=&#8220;4.16&#8243; background_color=&#8220;#9c9e9e&#8220; custom_padding=&#8220;50px|50px||50px|false|false&#8220; global_colors_info=&#8220;{}&#8220; custom_padding__hover=&#8220;|||&#8220;][et_pb_blurb title=&#8220;SecuScan\u00ae Kennzeichenerkennungssystem&#8220; image=&#8220;https:\/\/www.secuscan.com\/wp-content\/uploads\/2020\/01\/icon-number-plate.png&#8220; alt=&#8220;Icon: Automatic Number Plate Recognition System (ANPR)&#8220; image_icon_width=&#8220;70%&#8220; _builder_version=&#8220;4.27.4&#8243; header_level=&#8220;h2&#8243; header_text_color=&#8220;#222222&#8243; header_font_size=&#8220;18px&#8220; header_line_height=&#8220;1.2em&#8220; background_color=&#8220;rgba(0,0,0,0)&#8220; link_option_url=&#8220;https:\/\/www.secuscan.com\/de\/system\/kennzeichenerkennungssystem\/&#8220; image_max_width=&#8220;70%&#8220; global_colors_info=&#8220;{}&#8220;]Das automatische Kennzeichenerkennungssystem von SecuScan\u00ae liest alle Arten von Kennzeichen mit hoher Geschwindigkeit und extremer Pr\u00e4zision.<\/p>\n<p>Wird die Kennzeichenerkennung zusammen mit dem Fahrzeugunterbodenkontrollsystem von SecuScan\u00ae installiert, werden die Informationen beider Systeme automatisiert kombiniert und auf der ScanStation, dem zentralen Arbeitsplatz des Bedieners, angezeigt. Dies erleichtert die Arbeit des Sicherheitspersonals und erh\u00f6ht damit den Sicherheitsstandard.<br \/>Das Kennzeichenerkennungssystem von SecuScan\u00ae kann entweder als integrierte oder eigenst\u00e4ndige L\u00f6sung eingesetzt werden.[\/et_pb_blurb][\/et_pb_column][et_pb_column type=&#8220;1_3&#8243; _builder_version=&#8220;4.16&#8243; background_color=&#8220;#bfc1c1&#8243; custom_padding=&#8220;50px|50px||50px|false|true&#8220; global_colors_info=&#8220;{}&#8220; custom_padding__hover=&#8220;|||&#8220;][et_pb_blurb title=&#8220;SecuScan\u00ae Driver Camera&#8220; image=&#8220;https:\/\/www.secuscan.com\/wp-content\/uploads\/2020\/01\/icon-driver-cam.png&#8220; alt=&#8220;Icon: Driver Camera&#8220; image_icon_width=&#8220;70%&#8220; _builder_version=&#8220;4.27.4&#8243; header_level=&#8220;h2&#8243; header_text_color=&#8220;#222222&#8243; header_font_size=&#8220;18px&#8220; header_line_height=&#8220;1.2em&#8220; background_color=&#8220;rgba(0,0,0,0)&#8220; link_option_url=&#8220;https:\/\/www.secuscan.com\/de\/system\/driver-camera\/&#8220; image_max_width=&#8220;70%&#8220; global_colors_info=&#8220;{}&#8220;]SecuScan\u00ae bietet verschiedene L\u00f6sungen an, um ein hochaufl\u00f6sendes Foto des Fahrers aufzunehmen und dem Fahrzeug zuzuordnen.[\/et_pb_blurb][\/et_pb_column][et_pb_column type=&#8220;1_3&#8243; _builder_version=&#8220;4.16&#8243; background_color=&#8220;#919494&#8243; custom_padding=&#8220;50px|50px|50px|50px|false|true&#8220; global_colors_info=&#8220;{}&#8220; custom_padding__hover=&#8220;|||&#8220;][et_pb_blurb title=&#8220;SecuScan\u00ae Scene Camera&#8220; image=&#8220;https:\/\/www.secuscan.com\/wp-content\/uploads\/2020\/01\/icon-scene-cam.png&#8220; alt=&#8220;Icon: Scene Camera&#8220; image_icon_width=&#8220;70%&#8220; _builder_version=&#8220;4.27.4&#8243; header_level=&#8220;h2&#8243; header_text_color=&#8220;#222222&#8243; header_font_size=&#8220;18px&#8220; header_line_height=&#8220;1.2em&#8220; background_color=&#8220;rgba(0,0,0,0)&#8220; link_option_url=&#8220;https:\/\/www.secuscan.com\/de\/system\/scene-camera\/&#8220; image_max_width=&#8220;70%&#8220; global_colors_info=&#8220;{}&#8220;]Die SecuScan\u00ae Scene Camera (\u00dcbersichtskamera) erzeugt ein \u00dcbersichtsbild der Einfahrtssituation. Wird diese Option mit dem Fahrzeugunterbodenkontrollsystem von SecuScan\u00ae kombiniert, kann der Bediener zus\u00e4tzlich beispielsweise das Fahrzeugdach nach gef\u00e4hrlichen Gegenst\u00e4nden, Schmuggelware oder versteckten Personen kontrollieren. Die Bildwiedergabe erfolgt dabei ebenso auf der ScanStation, dem zentralen Arbeitsplatz des Bedieners.<\/p>\n<p>Durch den Einsatz mehrerer SecuScan\u00ae Scene Cameras kann die gesamte Au\u00dfenhaut der Fahrzeuge im Inspektionsbereich kontrolliert werden. In Kombination mit dem Fahrzeugunterbodenkontrollsystem SecuScan erh\u00e4lt der Bediener dann einen 360 Grad \u00dcberblick.[\/et_pb_blurb][\/et_pb_column][\/et_pb_row][\/et_pb_section]<\/p>\n","protected":false},"excerpt":{"rendered":"<p><div><div id=\"image-map-pro-eede72b4-59bb-4d60-b7d3-fcca606c4e63\"><\/div><\/div>SystembeschreibungDie Hauptkomponenten des Fahrzeugunterbodenkontrollsystems SecuScan\u00ae sind: Scanner Scanstation (Arbeitsstation) Start\/Stop Sensor Ampel Kennerzeichenerkennung (optional) Scene Camera \/ \u00dcbersichtskamera (optional) Das Fahrzeugunterbodenkontrollsystem von SecuScan\u00ae ist mit einem extrem robusten Edelstahlgeh\u00e4use (station\u00e4res System) oder mit stark belastbaren Rampen (mobiles System) erh\u00e4ltlich.Die Scaneinheit erfasst die gesamte Unterseite eines Fahrzeugs und stellt diese in einem hochaufl\u00f6senden Farbbild auf dem [&hellip;]<\/p>\n","protected":false},"author":1,"featured_media":0,"parent":0,"menu_order":0,"comment_status":"closed","ping_status":"closed","template":"","meta":{"_et_pb_use_builder":"on","_et_pb_old_content":"","_et_gb_content_width":"","footnotes":""},"class_list":["post-1370","page","type-page","status-publish","hentry"],"yoast_head":"<!-- This site is optimized with the Yoast SEO plugin v26.9 - https:\/\/yoast.com\/product\/yoast-seo-wordpress\/ -->\n<title>System - SECUSCAN<\/title>\n<meta name=\"description\" content=\"Entdecken Sie die fortschrittlichen Funktionen der SECUSCAN\u00ae Unterbodenkontrollsysteme: hochaufl\u00f6sende Scans, automatische Erkennung und intuitive Bedienung.\" \/>\n<meta name=\"robots\" content=\"index, follow, max-snippet:-1, max-image-preview:large, max-video-preview:-1\" \/>\n<link rel=\"canonical\" href=\"https:\/\/www.secuscan.com\/de\/system\/\" \/>\n<meta property=\"og:locale\" content=\"de_DE\" \/>\n<meta property=\"og:type\" content=\"article\" \/>\n<meta property=\"og:title\" content=\"System - SECUSCAN\" \/>\n<meta property=\"og:description\" content=\"Entdecken Sie die fortschrittlichen Funktionen der SECUSCAN\u00ae Unterbodenkontrollsysteme: hochaufl\u00f6sende Scans, automatische Erkennung und intuitive Bedienung.\" \/>\n<meta property=\"og:url\" content=\"https:\/\/www.secuscan.com\/de\/system\/\" \/>\n<meta property=\"og:site_name\" content=\"SECUSCAN\" \/>\n<meta property=\"article:modified_time\" content=\"2025-07-04T09:34:35+00:00\" \/>\n<meta name=\"twitter:card\" content=\"summary_large_image\" \/>\n<meta name=\"twitter:label1\" content=\"Gesch\u00e4tzte Lesezeit\" \/>\n\t<meta name=\"twitter:data1\" content=\"6\u00a0Minuten\" \/>\n<script type=\"application\/ld+json\" class=\"yoast-schema-graph\">{\"@context\":\"https:\/\/schema.org\",\"@graph\":[{\"@type\":\"WebPage\",\"@id\":\"https:\/\/www.secuscan.com\/de\/system\/\",\"url\":\"https:\/\/www.secuscan.com\/de\/system\/\",\"name\":\"System - SECUSCAN\",\"isPartOf\":{\"@id\":\"https:\/\/www.secuscan.com\/de\/#website\"},\"datePublished\":\"2020-02-07T08:11:17+00:00\",\"dateModified\":\"2025-07-04T09:34:35+00:00\",\"description\":\"Entdecken Sie die fortschrittlichen Funktionen der SECUSCAN\u00ae Unterbodenkontrollsysteme: hochaufl\u00f6sende Scans, automatische Erkennung und intuitive Bedienung.\",\"breadcrumb\":{\"@id\":\"https:\/\/www.secuscan.com\/de\/system\/#breadcrumb\"},\"inLanguage\":\"de\",\"potentialAction\":[{\"@type\":\"ReadAction\",\"target\":[\"https:\/\/www.secuscan.com\/de\/system\/\"]}]},{\"@type\":\"BreadcrumbList\",\"@id\":\"https:\/\/www.secuscan.com\/de\/system\/#breadcrumb\",\"itemListElement\":[{\"@type\":\"ListItem\",\"position\":1,\"name\":\"Home\",\"item\":\"https:\/\/www.secuscan.com\/de\/\"},{\"@type\":\"ListItem\",\"position\":2,\"name\":\"System\"}]},{\"@type\":\"WebSite\",\"@id\":\"https:\/\/www.secuscan.com\/de\/#website\",\"url\":\"https:\/\/www.secuscan.com\/de\/\",\"name\":\"SECUSCAN\",\"description\":\"UNDER VEHICLE INSPECTION SYSTEM\",\"publisher\":{\"@id\":\"https:\/\/www.secuscan.com\/de\/#organization\"},\"potentialAction\":[{\"@type\":\"SearchAction\",\"target\":{\"@type\":\"EntryPoint\",\"urlTemplate\":\"https:\/\/www.secuscan.com\/de\/?s={search_term_string}\"},\"query-input\":{\"@type\":\"PropertyValueSpecification\",\"valueRequired\":true,\"valueName\":\"search_term_string\"}}],\"inLanguage\":\"de\"},{\"@type\":\"Organization\",\"@id\":\"https:\/\/www.secuscan.com\/de\/#organization\",\"name\":\"SecuScan\",\"url\":\"https:\/\/www.secuscan.com\/de\/\",\"logo\":{\"@type\":\"ImageObject\",\"inLanguage\":\"de\",\"@id\":\"https:\/\/www.secuscan.com\/de\/#\/schema\/logo\/image\/\",\"url\":\"https:\/\/www.secuscan.com\/wp-content\/uploads\/2020\/01\/secuscan-logo.png\",\"contentUrl\":\"https:\/\/www.secuscan.com\/wp-content\/uploads\/2020\/01\/secuscan-logo.png\",\"width\":241,\"height\":54,\"caption\":\"SecuScan\"},\"image\":{\"@id\":\"https:\/\/www.secuscan.com\/de\/#\/schema\/logo\/image\/\"}}]}<\/script>\n<!-- \/ Yoast SEO plugin. -->","yoast_head_json":{"title":"System - SECUSCAN","description":"Entdecken Sie die fortschrittlichen Funktionen der SECUSCAN\u00ae Unterbodenkontrollsysteme: hochaufl\u00f6sende Scans, automatische Erkennung und intuitive Bedienung.","robots":{"index":"index","follow":"follow","max-snippet":"max-snippet:-1","max-image-preview":"max-image-preview:large","max-video-preview":"max-video-preview:-1"},"canonical":"https:\/\/www.secuscan.com\/de\/system\/","og_locale":"de_DE","og_type":"article","og_title":"System - SECUSCAN","og_description":"Entdecken Sie die fortschrittlichen Funktionen der SECUSCAN\u00ae Unterbodenkontrollsysteme: hochaufl\u00f6sende Scans, automatische Erkennung und intuitive Bedienung.","og_url":"https:\/\/www.secuscan.com\/de\/system\/","og_site_name":"SECUSCAN","article_modified_time":"2025-07-04T09:34:35+00:00","twitter_card":"summary_large_image","twitter_misc":{"Gesch\u00e4tzte Lesezeit":"6\u00a0Minuten"},"schema":{"@context":"https:\/\/schema.org","@graph":[{"@type":"WebPage","@id":"https:\/\/www.secuscan.com\/de\/system\/","url":"https:\/\/www.secuscan.com\/de\/system\/","name":"System - SECUSCAN","isPartOf":{"@id":"https:\/\/www.secuscan.com\/de\/#website"},"datePublished":"2020-02-07T08:11:17+00:00","dateModified":"2025-07-04T09:34:35+00:00","description":"Entdecken Sie die fortschrittlichen Funktionen der SECUSCAN\u00ae Unterbodenkontrollsysteme: hochaufl\u00f6sende Scans, automatische Erkennung und intuitive Bedienung.","breadcrumb":{"@id":"https:\/\/www.secuscan.com\/de\/system\/#breadcrumb"},"inLanguage":"de","potentialAction":[{"@type":"ReadAction","target":["https:\/\/www.secuscan.com\/de\/system\/"]}]},{"@type":"BreadcrumbList","@id":"https:\/\/www.secuscan.com\/de\/system\/#breadcrumb","itemListElement":[{"@type":"ListItem","position":1,"name":"Home","item":"https:\/\/www.secuscan.com\/de\/"},{"@type":"ListItem","position":2,"name":"System"}]},{"@type":"WebSite","@id":"https:\/\/www.secuscan.com\/de\/#website","url":"https:\/\/www.secuscan.com\/de\/","name":"SECUSCAN","description":"UNDER VEHICLE INSPECTION SYSTEM","publisher":{"@id":"https:\/\/www.secuscan.com\/de\/#organization"},"potentialAction":[{"@type":"SearchAction","target":{"@type":"EntryPoint","urlTemplate":"https:\/\/www.secuscan.com\/de\/?s={search_term_string}"},"query-input":{"@type":"PropertyValueSpecification","valueRequired":true,"valueName":"search_term_string"}}],"inLanguage":"de"},{"@type":"Organization","@id":"https:\/\/www.secuscan.com\/de\/#organization","name":"SecuScan","url":"https:\/\/www.secuscan.com\/de\/","logo":{"@type":"ImageObject","inLanguage":"de","@id":"https:\/\/www.secuscan.com\/de\/#\/schema\/logo\/image\/","url":"https:\/\/www.secuscan.com\/wp-content\/uploads\/2020\/01\/secuscan-logo.png","contentUrl":"https:\/\/www.secuscan.com\/wp-content\/uploads\/2020\/01\/secuscan-logo.png","width":241,"height":54,"caption":"SecuScan"},"image":{"@id":"https:\/\/www.secuscan.com\/de\/#\/schema\/logo\/image\/"}}]}},"_links":{"self":[{"href":"https:\/\/www.secuscan.com\/de\/wp-json\/wp\/v2\/pages\/1370","targetHints":{"allow":["GET"]}}],"collection":[{"href":"https:\/\/www.secuscan.com\/de\/wp-json\/wp\/v2\/pages"}],"about":[{"href":"https:\/\/www.secuscan.com\/de\/wp-json\/wp\/v2\/types\/page"}],"author":[{"embeddable":true,"href":"https:\/\/www.secuscan.com\/de\/wp-json\/wp\/v2\/users\/1"}],"replies":[{"embeddable":true,"href":"https:\/\/www.secuscan.com\/de\/wp-json\/wp\/v2\/comments?post=1370"}],"version-history":[{"count":3,"href":"https:\/\/www.secuscan.com\/de\/wp-json\/wp\/v2\/pages\/1370\/revisions"}],"predecessor-version":[{"id":2066,"href":"https:\/\/www.secuscan.com\/de\/wp-json\/wp\/v2\/pages\/1370\/revisions\/2066"}],"wp:attachment":[{"href":"https:\/\/www.secuscan.com\/de\/wp-json\/wp\/v2\/media?parent=1370"}],"curies":[{"name":"wp","href":"https:\/\/api.w.org\/{rel}","templated":true}]}}