{"id":1374,"date":"2020-02-04T14:39:05","date_gmt":"2020-02-04T14:39:05","guid":{"rendered":"https:\/\/www.secuscan.com\/produkte\/"},"modified":"2025-07-04T10:28:53","modified_gmt":"2025-07-04T09:28:53","slug":"produkte","status":"publish","type":"page","link":"https:\/\/www.secuscan.com\/de\/produkte\/","title":{"rendered":"Produkte"},"content":{"rendered":"<p>[et_pb_section fb_built=&#8220;1&#8243; _builder_version=&#8220;4.16&#8243; global_colors_info=&#8220;{}&#8220;][et_pb_row _builder_version=&#8220;4.16&#8243; global_colors_info=&#8220;{}&#8220;][et_pb_column type=&#8220;4_4&#8243; _builder_version=&#8220;4.16&#8243; global_colors_info=&#8220;{}&#8220;][et_pb_text _builder_version=&#8220;4.16&#8243; custom_margin=&#8220;|3%||3%|false|false&#8220; global_colors_info=&#8220;{}&#8220;]<\/p>\n<h1>SecuScan\u00ae Produkte<\/h1>\n<p>[\/et_pb_text][\/et_pb_column][\/et_pb_row][et_pb_row column_structure=&#8220;1_2,1_2&#8243; use_custom_gutter=&#8220;on&#8220; gutter_width=&#8220;1&#8243; make_equal=&#8220;on&#8220; _builder_version=&#8220;4.16&#8243; background_size=&#8220;initial&#8220; background_position=&#8220;top_left&#8220; background_repeat=&#8220;repeat&#8220; module_alignment=&#8220;center&#8220; custom_margin=&#8220;0px|0px|0px|0px|false|false&#8220; custom_padding=&#8220;0px||0px||false|true&#8220; collapsed=&#8220;off&#8220; global_colors_info=&#8220;{}&#8220;][et_pb_column type=&#8220;1_2&#8243; _builder_version=&#8220;4.16&#8243; background_enable_color=&#8220;off&#8220; custom_padding=&#8220;5%|3%|5%|3%|true|true&#8220; global_colors_info=&#8220;{}&#8220; custom_padding__hover=&#8220;|||&#8220;][et_pb_blurb title=&#8220;SecuScan\u00ae als Festeinbausystem &#8220; url=&#8220;https:\/\/www.secuscan.com\/de\/produkte\/festeinbausystem\/&#8220; image=&#8220;https:\/\/www.secuscan.com\/wp-content\/uploads\/2023\/04\/permanent-system-2-1024&#215;792.jpg&#8220; alt=&#8220;Product: Permanent Systems&#8220; admin_label=&#8220;SecuScan\u00ae as a permanent system&#8220; _builder_version=&#8220;4.27.4&#8243; header_level=&#8220;h2&#8243; header_text_color=&#8220;#222222&#8243; header_font_size=&#8220;22px&#8220; link_option_url=&#8220;https:\/\/www.secuscan.com\/de\/produkte\/festeinbausystem\/&#8220; global_colors_info=&#8220;{}&#8220;]Die festinstallierten SecuScan\u00ae Fahrzeugunterbodenscanner sind verf\u00fcgbar als Systeme mit F\u00fchrungsschienen oder mit dem extrem robusten Heavy Duty Cover (Schwerlastabdeckung). Auch kann das urspr\u00fcnglich zum mobilen Einsatz konstruierte Gummimattensystem fest eingebaut werden, wenn zus\u00e4tzlich das spezielle SecuScan\u00ae D\u00fcbel Set verwendet wird.[\/et_pb_blurb][\/et_pb_column][et_pb_column type=&#8220;1_2&#8243; _builder_version=&#8220;4.16&#8243; background_enable_color=&#8220;off&#8220; custom_padding=&#8220;5%|3%|5%|3%|true|true&#8220; global_colors_info=&#8220;{}&#8220; custom_padding__hover=&#8220;|||&#8220;][et_pb_blurb title=&#8220;SecuScan\u00ae als mobiles System&#8220; url=&#8220;https:\/\/www.secuscan.com\/de\/produkte\/mobile-systeme\/&#8220; image=&#8220;https:\/\/www.secuscan.com\/wp-content\/uploads\/2023\/04\/mobile-1024&#215;792.jpg&#8220; alt=&#8220;Products: Mobile systems&#8220; _builder_version=&#8220;4.27.4&#8243; header_level=&#8220;h2&#8243; header_text_color=&#8220;#222222&#8243; header_font_size=&#8220;22px&#8220; link_option_url=&#8220;https:\/\/www.secuscan.com\/de\/produkte\/mobile-systeme\/&#8220; global_colors_info=&#8220;{}&#8220;]Die mobilen Varianten des SecuScan\u00ae Fahrzeugunterbodenkontrollsystems sind ideal f\u00fcr den Einsatz an wechselnden Standorten. Die mobilen Systeme sind mit leichten, aber extrem stabilen Aluminiumrampen oder als Version mit strapazierf\u00e4higen Gummimatten verf\u00fcgbar.\u00a0 Die Vollgummipads k\u00f6nnen zur permanenten Installation auch fest mit dem Untergrund verbunden werden. Hierf\u00fcr ist das spezielle SecuScan\u00ae D\u00fcbelset verf\u00fcgbar.[\/et_pb_blurb][\/et_pb_column][\/et_pb_row][\/et_pb_section]<\/p>\n","protected":false},"excerpt":{"rendered":"<p>SecuScan\u00ae ProdukteDie festinstallierten SecuScan\u00ae Fahrzeugunterbodenscanner sind verf\u00fcgbar als Systeme mit F\u00fchrungsschienen oder mit dem extrem robusten Heavy Duty Cover (Schwerlastabdeckung). Auch kann das urspr\u00fcnglich zum mobilen Einsatz konstruierte Gummimattensystem fest eingebaut werden, wenn zus\u00e4tzlich das spezielle SecuScan\u00ae D\u00fcbel Set verwendet wird.Die mobilen Varianten des SecuScan\u00ae Fahrzeugunterbodenkontrollsystems sind ideal f\u00fcr den Einsatz an wechselnden Standorten. Die [&hellip;]<\/p>\n","protected":false},"author":1,"featured_media":0,"parent":0,"menu_order":0,"comment_status":"closed","ping_status":"closed","template":"","meta":{"_et_pb_use_builder":"on","_et_pb_old_content":"","_et_gb_content_width":"","footnotes":""},"class_list":["post-1374","page","type-page","status-publish","hentry"],"yoast_head":"<!-- This site is optimized with the Yoast SEO plugin v26.9 - https:\/\/yoast.com\/product\/yoast-seo-wordpress\/ -->\n<title>Produkte - SECUSCAN<\/title>\n<meta name=\"description\" content=\"Entdecken Sie die SECUSCAN\u00ae Produkte: station\u00e4re und mobile Unterboden-Inspektionssysteme, hochaufl\u00f6sende Scans und automatische Bedrohungserkennung.\" \/>\n<meta name=\"robots\" content=\"index, follow, max-snippet:-1, max-image-preview:large, max-video-preview:-1\" \/>\n<link rel=\"canonical\" href=\"https:\/\/www.secuscan.com\/de\/produkte\/\" \/>\n<meta property=\"og:locale\" content=\"de_DE\" \/>\n<meta property=\"og:type\" content=\"article\" \/>\n<meta property=\"og:title\" content=\"Produkte - SECUSCAN\" \/>\n<meta property=\"og:description\" content=\"Entdecken Sie die SECUSCAN\u00ae Produkte: station\u00e4re und mobile Unterboden-Inspektionssysteme, hochaufl\u00f6sende Scans und automatische Bedrohungserkennung.\" \/>\n<meta property=\"og:url\" content=\"https:\/\/www.secuscan.com\/de\/produkte\/\" \/>\n<meta property=\"og:site_name\" content=\"SECUSCAN\" \/>\n<meta property=\"article:modified_time\" content=\"2025-07-04T09:28:53+00:00\" \/>\n<meta name=\"twitter:card\" content=\"summary_large_image\" \/>\n<meta name=\"twitter:label1\" content=\"Gesch\u00e4tzte Lesezeit\" \/>\n\t<meta name=\"twitter:data1\" content=\"2\u00a0Minuten\" \/>\n<script type=\"application\/ld+json\" class=\"yoast-schema-graph\">{\"@context\":\"https:\/\/schema.org\",\"@graph\":[{\"@type\":\"WebPage\",\"@id\":\"https:\/\/www.secuscan.com\/de\/produkte\/\",\"url\":\"https:\/\/www.secuscan.com\/de\/produkte\/\",\"name\":\"Produkte - SECUSCAN\",\"isPartOf\":{\"@id\":\"https:\/\/www.secuscan.com\/de\/#website\"},\"datePublished\":\"2020-02-04T14:39:05+00:00\",\"dateModified\":\"2025-07-04T09:28:53+00:00\",\"description\":\"Entdecken Sie die SECUSCAN\u00ae Produkte: station\u00e4re und mobile Unterboden-Inspektionssysteme, hochaufl\u00f6sende Scans und automatische Bedrohungserkennung.\",\"breadcrumb\":{\"@id\":\"https:\/\/www.secuscan.com\/de\/produkte\/#breadcrumb\"},\"inLanguage\":\"de\",\"potentialAction\":[{\"@type\":\"ReadAction\",\"target\":[\"https:\/\/www.secuscan.com\/de\/produkte\/\"]}]},{\"@type\":\"BreadcrumbList\",\"@id\":\"https:\/\/www.secuscan.com\/de\/produkte\/#breadcrumb\",\"itemListElement\":[{\"@type\":\"ListItem\",\"position\":1,\"name\":\"Home\",\"item\":\"https:\/\/www.secuscan.com\/de\/\"},{\"@type\":\"ListItem\",\"position\":2,\"name\":\"Produkte\"}]},{\"@type\":\"WebSite\",\"@id\":\"https:\/\/www.secuscan.com\/de\/#website\",\"url\":\"https:\/\/www.secuscan.com\/de\/\",\"name\":\"SECUSCAN\",\"description\":\"UNDER VEHICLE INSPECTION SYSTEM\",\"publisher\":{\"@id\":\"https:\/\/www.secuscan.com\/de\/#organization\"},\"potentialAction\":[{\"@type\":\"SearchAction\",\"target\":{\"@type\":\"EntryPoint\",\"urlTemplate\":\"https:\/\/www.secuscan.com\/de\/?s={search_term_string}\"},\"query-input\":{\"@type\":\"PropertyValueSpecification\",\"valueRequired\":true,\"valueName\":\"search_term_string\"}}],\"inLanguage\":\"de\"},{\"@type\":\"Organization\",\"@id\":\"https:\/\/www.secuscan.com\/de\/#organization\",\"name\":\"SecuScan\",\"url\":\"https:\/\/www.secuscan.com\/de\/\",\"logo\":{\"@type\":\"ImageObject\",\"inLanguage\":\"de\",\"@id\":\"https:\/\/www.secuscan.com\/de\/#\/schema\/logo\/image\/\",\"url\":\"https:\/\/www.secuscan.com\/wp-content\/uploads\/2020\/01\/secuscan-logo.png\",\"contentUrl\":\"https:\/\/www.secuscan.com\/wp-content\/uploads\/2020\/01\/secuscan-logo.png\",\"width\":241,\"height\":54,\"caption\":\"SecuScan\"},\"image\":{\"@id\":\"https:\/\/www.secuscan.com\/de\/#\/schema\/logo\/image\/\"}}]}<\/script>\n<!-- \/ Yoast SEO plugin. -->","yoast_head_json":{"title":"Produkte - SECUSCAN","description":"Entdecken Sie die SECUSCAN\u00ae Produkte: station\u00e4re und mobile Unterboden-Inspektionssysteme, hochaufl\u00f6sende Scans und automatische Bedrohungserkennung.","robots":{"index":"index","follow":"follow","max-snippet":"max-snippet:-1","max-image-preview":"max-image-preview:large","max-video-preview":"max-video-preview:-1"},"canonical":"https:\/\/www.secuscan.com\/de\/produkte\/","og_locale":"de_DE","og_type":"article","og_title":"Produkte - SECUSCAN","og_description":"Entdecken Sie die SECUSCAN\u00ae Produkte: station\u00e4re und mobile Unterboden-Inspektionssysteme, hochaufl\u00f6sende Scans und automatische Bedrohungserkennung.","og_url":"https:\/\/www.secuscan.com\/de\/produkte\/","og_site_name":"SECUSCAN","article_modified_time":"2025-07-04T09:28:53+00:00","twitter_card":"summary_large_image","twitter_misc":{"Gesch\u00e4tzte Lesezeit":"2\u00a0Minuten"},"schema":{"@context":"https:\/\/schema.org","@graph":[{"@type":"WebPage","@id":"https:\/\/www.secuscan.com\/de\/produkte\/","url":"https:\/\/www.secuscan.com\/de\/produkte\/","name":"Produkte - SECUSCAN","isPartOf":{"@id":"https:\/\/www.secuscan.com\/de\/#website"},"datePublished":"2020-02-04T14:39:05+00:00","dateModified":"2025-07-04T09:28:53+00:00","description":"Entdecken Sie die SECUSCAN\u00ae Produkte: station\u00e4re und mobile Unterboden-Inspektionssysteme, hochaufl\u00f6sende Scans und automatische Bedrohungserkennung.","breadcrumb":{"@id":"https:\/\/www.secuscan.com\/de\/produkte\/#breadcrumb"},"inLanguage":"de","potentialAction":[{"@type":"ReadAction","target":["https:\/\/www.secuscan.com\/de\/produkte\/"]}]},{"@type":"BreadcrumbList","@id":"https:\/\/www.secuscan.com\/de\/produkte\/#breadcrumb","itemListElement":[{"@type":"ListItem","position":1,"name":"Home","item":"https:\/\/www.secuscan.com\/de\/"},{"@type":"ListItem","position":2,"name":"Produkte"}]},{"@type":"WebSite","@id":"https:\/\/www.secuscan.com\/de\/#website","url":"https:\/\/www.secuscan.com\/de\/","name":"SECUSCAN","description":"UNDER VEHICLE INSPECTION SYSTEM","publisher":{"@id":"https:\/\/www.secuscan.com\/de\/#organization"},"potentialAction":[{"@type":"SearchAction","target":{"@type":"EntryPoint","urlTemplate":"https:\/\/www.secuscan.com\/de\/?s={search_term_string}"},"query-input":{"@type":"PropertyValueSpecification","valueRequired":true,"valueName":"search_term_string"}}],"inLanguage":"de"},{"@type":"Organization","@id":"https:\/\/www.secuscan.com\/de\/#organization","name":"SecuScan","url":"https:\/\/www.secuscan.com\/de\/","logo":{"@type":"ImageObject","inLanguage":"de","@id":"https:\/\/www.secuscan.com\/de\/#\/schema\/logo\/image\/","url":"https:\/\/www.secuscan.com\/wp-content\/uploads\/2020\/01\/secuscan-logo.png","contentUrl":"https:\/\/www.secuscan.com\/wp-content\/uploads\/2020\/01\/secuscan-logo.png","width":241,"height":54,"caption":"SecuScan"},"image":{"@id":"https:\/\/www.secuscan.com\/de\/#\/schema\/logo\/image\/"}}]}},"_links":{"self":[{"href":"https:\/\/www.secuscan.com\/de\/wp-json\/wp\/v2\/pages\/1374","targetHints":{"allow":["GET"]}}],"collection":[{"href":"https:\/\/www.secuscan.com\/de\/wp-json\/wp\/v2\/pages"}],"about":[{"href":"https:\/\/www.secuscan.com\/de\/wp-json\/wp\/v2\/types\/page"}],"author":[{"embeddable":true,"href":"https:\/\/www.secuscan.com\/de\/wp-json\/wp\/v2\/users\/1"}],"replies":[{"embeddable":true,"href":"https:\/\/www.secuscan.com\/de\/wp-json\/wp\/v2\/comments?post=1374"}],"version-history":[{"count":3,"href":"https:\/\/www.secuscan.com\/de\/wp-json\/wp\/v2\/pages\/1374\/revisions"}],"predecessor-version":[{"id":2039,"href":"https:\/\/www.secuscan.com\/de\/wp-json\/wp\/v2\/pages\/1374\/revisions\/2039"}],"wp:attachment":[{"href":"https:\/\/www.secuscan.com\/de\/wp-json\/wp\/v2\/media?parent=1374"}],"curies":[{"name":"wp","href":"https:\/\/api.w.org\/{rel}","templated":true}]}}