{"id":1402,"date":"2020-03-04T10:04:23","date_gmt":"2020-03-04T10:04:23","guid":{"rendered":"https:\/\/www.secuscan.com\/industrie\/"},"modified":"2025-07-04T10:26:57","modified_gmt":"2025-07-04T09:26:57","slug":"industrie","status":"publish","type":"page","link":"https:\/\/www.secuscan.com\/de\/industrie\/","title":{"rendered":"Industrie"},"content":{"rendered":"<p>[et_pb_section fb_built=&#8220;1&#8243; fullwidth=&#8220;on&#8220; _builder_version=&#8220;4.16&#8243; global_colors_info=&#8220;{}&#8220;][et_pb_fullwidth_image src=&#8220;https:\/\/www.secuscan.com\/wp-content\/uploads\/2020\/03\/einfahrt-small.jpg&#8220; _builder_version=&#8220;4.27.4&#8243; hover_enabled=&#8220;0&#8243; global_colors_info=&#8220;{}&#8220; alt=&#8220;Kontrollpunkt mit Schranke&#8220; title_text=&#8220;einfahrt-small&#8220; sticky_enabled=&#8220;0&#8243;][\/et_pb_fullwidth_image][\/et_pb_section][et_pb_section fb_built=&#8220;1&#8243; _builder_version=&#8220;4.16&#8243; global_colors_info=&#8220;{}&#8220;][et_pb_row _builder_version=&#8220;4.16&#8243; global_colors_info=&#8220;{}&#8220;][et_pb_column type=&#8220;4_4&#8243; _builder_version=&#8220;4.16&#8243; global_colors_info=&#8220;{}&#8220;][et_pb_text _builder_version=&#8220;4.16&#8243; global_colors_info=&#8220;{}&#8220;]<\/p>\n<h1>Einsatz im (Hoch)-Sicherheitsbereich<\/h1>\n<p>Eine effektive Kontrolle des Fahrzeugunterbodens ist f\u00fcr das verantwortliche Sicherheitspersonal generell eine gro\u00dfe Herausforderung, gerade weil hier sicherheitsgef\u00e4hrdende Gegenst\u00e4nde, wie z.B. Sprengstoff, Waffen oder auch Schmuggelware, relativ einfach versteckt werden k\u00f6nnen. Durch den Einsatz von Handspiegeln ist eine professionelle Kontrolle nicht m\u00f6glich, da gro\u00dfe Bereiche des Unterbodens auf diese Weise nicht kontrolliert werden. Zudem ist diese Methode langsam, ineffektiv und anf\u00e4llig f\u00fcr menschliches Versagen und es werden keine Daten erfasst und dokumentiert.<\/p>\n<p>Mit dem Fahrzeugunterbodenscanner von SecuScan\u00ae wird ein neuer Standard bei der Sicherheitskontrolle gesetzt. Das System erzeugt hochaufl\u00f6sende Farbbilder der kompletten Unterb\u00f6den der kontrollierten Fahrzeuge. Das Sicherheitspersonal kann durch die stufenlose Zoomfunktion s\u00e4mtliche Anomalien genau untersuchen. Fortschrittliche Algorithmen sorgen zus\u00e4tzlich daf\u00fcr, dass Ver\u00e4nderungen am Unterboden von widerkehrenden Fahrzeugen automatisch erkannt und angezeigt werden.<\/p>\n<p>SecuScan\u00ae Systeme unterst\u00fctzen Sicherheitsteams auf der ganzen Welt mit hochaufl\u00f6senden Bildern der Fahrzeugunterb\u00f6den und sorgen daf\u00fcr, dass der Verkehrsfluss an den Kontrollpunkten trotzdem nicht ins Stocken ger\u00e4t.<\/p>\n<p>Die Systeme werden beispielsweise eingesetzt<\/p>\n<ul>\n<li>zum Schutz von Flugh\u00e4fen, milit\u00e4rischen und zivilen Einrichtungen, Botschaften, Kernkraftwerken, Gef\u00e4ngnissen, Grenz\u00fcberg\u00e4ngen etc.<\/li>\n<li>zur effektiven Zugangskontrolle in Parkh\u00e4user, Hotels, Industriekomplexe oder Stadien<\/li>\n<li>zur effektiven Zugangskontrolle bei tempor\u00e4ren Sport- oder anderen Gro\u00dfveranstaltungen<\/li>\n<li>zur mobilen Kontrolle von Fahrzeugen durch Polizei oder Zoll<\/li>\n<\/ul>\n<p><\/p>\n<h1>Einsatz in der Qualit\u00e4ts- und Schadenskontrolle von Fahrzeugen<\/h1>\n<p>Aufgrund der hochaufl\u00f6senden Unterbodenbilder und der stufenlosen Zoomfunktion bis ins kleinste Detail, werden die Systeme von SecuScan\u00ae im Automotive-Bereich zur Erkennung von Sicherheits- und Qualit\u00e4tsm\u00e4ngeln an Fahrzeugen eingesetzt.<\/p>\n<p>Der Automobilsektor ist heute mehr denn je mit der Schwierigkeit konfrontiert, ein Gleichgewicht zwischen Geschwindigkeit und Effizienz herzustellen. Die Systeme von SecuScan\u00ae unterst\u00fctzen Autovermieter, Flottenmanager, Autowerkst\u00e4tten sowie Gebrauchtwagen-Marktpl\u00e4tze bei der Erkennung und Verfolgung von Ver\u00e4nderungen und Sch\u00e4den am Unterboden von Fahrzeugen.<\/p>\n<p>Kombiniert man den Fahrzeugunterbodenscanner zus\u00e4tzlich mit mehreren SecuScan\u00ae Scene Cameras (\u00dcbersichtskameras) kann man Ver\u00e4nderungen an der gesamten Karosserie von Fahrzeugen in einem Schritt aufzeichnen (360 Grad) und dokumentieren. (<a style=\"color: inherit; text-decoration: underline;\" href=\"https:\/\/www.secuscan.com\/de\/system\/scene-camera\/\">SecuScan\u00ae Scene Camera<\/a>)<\/p>\n<p><a style=\"color: inherit; text-decoration: underline;\" href=\"#contact\">Wir unterst\u00fctzen Sie gerne bei der Suche nach der richtigen L\u00f6sung f\u00fcr Ihren Bereich.<\/a>[\/et_pb_text][\/et_pb_column][\/et_pb_row][\/et_pb_section]<\/p>\n","protected":false},"excerpt":{"rendered":"<p>Einsatz im (Hoch)-SicherheitsbereichEine effektive Kontrolle des Fahrzeugunterbodens ist f\u00fcr das verantwortliche Sicherheitspersonal generell eine gro\u00dfe Herausforderung, gerade weil hier sicherheitsgef\u00e4hrdende Gegenst\u00e4nde, wie z.B. Sprengstoff, Waffen oder auch Schmuggelware, relativ einfach versteckt werden k\u00f6nnen. Durch den Einsatz von Handspiegeln ist eine professionelle Kontrolle nicht m\u00f6glich, da gro\u00dfe Bereiche des Unterbodens auf diese Weise nicht kontrolliert werden. [&hellip;]<\/p>\n","protected":false},"author":1,"featured_media":0,"parent":0,"menu_order":0,"comment_status":"closed","ping_status":"closed","template":"","meta":{"_et_pb_use_builder":"on","_et_pb_old_content":"","_et_gb_content_width":"","footnotes":""},"class_list":["post-1402","page","type-page","status-publish","hentry"],"yoast_head":"<!-- This site is optimized with the Yoast SEO plugin v26.9 - https:\/\/yoast.com\/product\/yoast-seo-wordpress\/ -->\n<title>Industrie - SECUSCAN<\/title>\n<meta name=\"description\" content=\"Nutzen Sie unser SecuScan\u00ae System f\u00fcr die Sicherheit in Ihrem Unternehmen, Hotel, Flughafen, Milit\u00e4r, Regierungseinrichtung, Gef\u00e4ngnis oder f\u00fcr die Kontrolle Ihres Mietwagens.\" \/>\n<meta name=\"robots\" content=\"index, follow, max-snippet:-1, max-image-preview:large, max-video-preview:-1\" \/>\n<link rel=\"canonical\" href=\"https:\/\/www.secuscan.com\/de\/industrie\/\" \/>\n<meta property=\"og:locale\" content=\"de_DE\" \/>\n<meta property=\"og:type\" content=\"article\" \/>\n<meta property=\"og:title\" content=\"Industrie - SECUSCAN\" \/>\n<meta property=\"og:description\" content=\"Nutzen Sie unser SecuScan\u00ae System f\u00fcr die Sicherheit in Ihrem Unternehmen, Hotel, Flughafen, Milit\u00e4r, Regierungseinrichtung, Gef\u00e4ngnis oder f\u00fcr die Kontrolle Ihres Mietwagens.\" \/>\n<meta property=\"og:url\" content=\"https:\/\/www.secuscan.com\/de\/industrie\/\" \/>\n<meta property=\"og:site_name\" content=\"SECUSCAN\" \/>\n<meta property=\"article:modified_time\" content=\"2025-07-04T09:26:57+00:00\" \/>\n<meta name=\"twitter:card\" content=\"summary_large_image\" \/>\n<meta name=\"twitter:label1\" content=\"Gesch\u00e4tzte Lesezeit\" \/>\n\t<meta name=\"twitter:data1\" content=\"2\u00a0Minuten\" \/>\n<script type=\"application\/ld+json\" class=\"yoast-schema-graph\">{\"@context\":\"https:\/\/schema.org\",\"@graph\":[{\"@type\":\"WebPage\",\"@id\":\"https:\/\/www.secuscan.com\/de\/industrie\/\",\"url\":\"https:\/\/www.secuscan.com\/de\/industrie\/\",\"name\":\"Industrie - SECUSCAN\",\"isPartOf\":{\"@id\":\"https:\/\/www.secuscan.com\/de\/#website\"},\"datePublished\":\"2020-03-04T10:04:23+00:00\",\"dateModified\":\"2025-07-04T09:26:57+00:00\",\"description\":\"Nutzen Sie unser SecuScan\u00ae System f\u00fcr die Sicherheit in Ihrem Unternehmen, Hotel, Flughafen, Milit\u00e4r, Regierungseinrichtung, Gef\u00e4ngnis oder f\u00fcr die Kontrolle Ihres Mietwagens.\",\"breadcrumb\":{\"@id\":\"https:\/\/www.secuscan.com\/de\/industrie\/#breadcrumb\"},\"inLanguage\":\"de\",\"potentialAction\":[{\"@type\":\"ReadAction\",\"target\":[\"https:\/\/www.secuscan.com\/de\/industrie\/\"]}]},{\"@type\":\"BreadcrumbList\",\"@id\":\"https:\/\/www.secuscan.com\/de\/industrie\/#breadcrumb\",\"itemListElement\":[{\"@type\":\"ListItem\",\"position\":1,\"name\":\"Home\",\"item\":\"https:\/\/www.secuscan.com\/de\/\"},{\"@type\":\"ListItem\",\"position\":2,\"name\":\"Industrie\"}]},{\"@type\":\"WebSite\",\"@id\":\"https:\/\/www.secuscan.com\/de\/#website\",\"url\":\"https:\/\/www.secuscan.com\/de\/\",\"name\":\"SECUSCAN\",\"description\":\"UNDER VEHICLE INSPECTION SYSTEM\",\"publisher\":{\"@id\":\"https:\/\/www.secuscan.com\/de\/#organization\"},\"potentialAction\":[{\"@type\":\"SearchAction\",\"target\":{\"@type\":\"EntryPoint\",\"urlTemplate\":\"https:\/\/www.secuscan.com\/de\/?s={search_term_string}\"},\"query-input\":{\"@type\":\"PropertyValueSpecification\",\"valueRequired\":true,\"valueName\":\"search_term_string\"}}],\"inLanguage\":\"de\"},{\"@type\":\"Organization\",\"@id\":\"https:\/\/www.secuscan.com\/de\/#organization\",\"name\":\"SecuScan\",\"url\":\"https:\/\/www.secuscan.com\/de\/\",\"logo\":{\"@type\":\"ImageObject\",\"inLanguage\":\"de\",\"@id\":\"https:\/\/www.secuscan.com\/de\/#\/schema\/logo\/image\/\",\"url\":\"https:\/\/www.secuscan.com\/wp-content\/uploads\/2020\/01\/secuscan-logo.png\",\"contentUrl\":\"https:\/\/www.secuscan.com\/wp-content\/uploads\/2020\/01\/secuscan-logo.png\",\"width\":241,\"height\":54,\"caption\":\"SecuScan\"},\"image\":{\"@id\":\"https:\/\/www.secuscan.com\/de\/#\/schema\/logo\/image\/\"}}]}<\/script>\n<!-- \/ Yoast SEO plugin. -->","yoast_head_json":{"title":"Industrie - SECUSCAN","description":"Nutzen Sie unser SecuScan\u00ae System f\u00fcr die Sicherheit in Ihrem Unternehmen, Hotel, Flughafen, Milit\u00e4r, Regierungseinrichtung, Gef\u00e4ngnis oder f\u00fcr die Kontrolle Ihres Mietwagens.","robots":{"index":"index","follow":"follow","max-snippet":"max-snippet:-1","max-image-preview":"max-image-preview:large","max-video-preview":"max-video-preview:-1"},"canonical":"https:\/\/www.secuscan.com\/de\/industrie\/","og_locale":"de_DE","og_type":"article","og_title":"Industrie - SECUSCAN","og_description":"Nutzen Sie unser SecuScan\u00ae System f\u00fcr die Sicherheit in Ihrem Unternehmen, Hotel, Flughafen, Milit\u00e4r, Regierungseinrichtung, Gef\u00e4ngnis oder f\u00fcr die Kontrolle Ihres Mietwagens.","og_url":"https:\/\/www.secuscan.com\/de\/industrie\/","og_site_name":"SECUSCAN","article_modified_time":"2025-07-04T09:26:57+00:00","twitter_card":"summary_large_image","twitter_misc":{"Gesch\u00e4tzte Lesezeit":"2\u00a0Minuten"},"schema":{"@context":"https:\/\/schema.org","@graph":[{"@type":"WebPage","@id":"https:\/\/www.secuscan.com\/de\/industrie\/","url":"https:\/\/www.secuscan.com\/de\/industrie\/","name":"Industrie - SECUSCAN","isPartOf":{"@id":"https:\/\/www.secuscan.com\/de\/#website"},"datePublished":"2020-03-04T10:04:23+00:00","dateModified":"2025-07-04T09:26:57+00:00","description":"Nutzen Sie unser SecuScan\u00ae System f\u00fcr die Sicherheit in Ihrem Unternehmen, Hotel, Flughafen, Milit\u00e4r, Regierungseinrichtung, Gef\u00e4ngnis oder f\u00fcr die Kontrolle Ihres Mietwagens.","breadcrumb":{"@id":"https:\/\/www.secuscan.com\/de\/industrie\/#breadcrumb"},"inLanguage":"de","potentialAction":[{"@type":"ReadAction","target":["https:\/\/www.secuscan.com\/de\/industrie\/"]}]},{"@type":"BreadcrumbList","@id":"https:\/\/www.secuscan.com\/de\/industrie\/#breadcrumb","itemListElement":[{"@type":"ListItem","position":1,"name":"Home","item":"https:\/\/www.secuscan.com\/de\/"},{"@type":"ListItem","position":2,"name":"Industrie"}]},{"@type":"WebSite","@id":"https:\/\/www.secuscan.com\/de\/#website","url":"https:\/\/www.secuscan.com\/de\/","name":"SECUSCAN","description":"UNDER VEHICLE INSPECTION SYSTEM","publisher":{"@id":"https:\/\/www.secuscan.com\/de\/#organization"},"potentialAction":[{"@type":"SearchAction","target":{"@type":"EntryPoint","urlTemplate":"https:\/\/www.secuscan.com\/de\/?s={search_term_string}"},"query-input":{"@type":"PropertyValueSpecification","valueRequired":true,"valueName":"search_term_string"}}],"inLanguage":"de"},{"@type":"Organization","@id":"https:\/\/www.secuscan.com\/de\/#organization","name":"SecuScan","url":"https:\/\/www.secuscan.com\/de\/","logo":{"@type":"ImageObject","inLanguage":"de","@id":"https:\/\/www.secuscan.com\/de\/#\/schema\/logo\/image\/","url":"https:\/\/www.secuscan.com\/wp-content\/uploads\/2020\/01\/secuscan-logo.png","contentUrl":"https:\/\/www.secuscan.com\/wp-content\/uploads\/2020\/01\/secuscan-logo.png","width":241,"height":54,"caption":"SecuScan"},"image":{"@id":"https:\/\/www.secuscan.com\/de\/#\/schema\/logo\/image\/"}}]}},"_links":{"self":[{"href":"https:\/\/www.secuscan.com\/de\/wp-json\/wp\/v2\/pages\/1402","targetHints":{"allow":["GET"]}}],"collection":[{"href":"https:\/\/www.secuscan.com\/de\/wp-json\/wp\/v2\/pages"}],"about":[{"href":"https:\/\/www.secuscan.com\/de\/wp-json\/wp\/v2\/types\/page"}],"author":[{"embeddable":true,"href":"https:\/\/www.secuscan.com\/de\/wp-json\/wp\/v2\/users\/1"}],"replies":[{"embeddable":true,"href":"https:\/\/www.secuscan.com\/de\/wp-json\/wp\/v2\/comments?post=1402"}],"version-history":[{"count":3,"href":"https:\/\/www.secuscan.com\/de\/wp-json\/wp\/v2\/pages\/1402\/revisions"}],"predecessor-version":[{"id":2036,"href":"https:\/\/www.secuscan.com\/de\/wp-json\/wp\/v2\/pages\/1402\/revisions\/2036"}],"wp:attachment":[{"href":"https:\/\/www.secuscan.com\/de\/wp-json\/wp\/v2\/media?parent=1402"}],"curies":[{"name":"wp","href":"https:\/\/api.w.org\/{rel}","templated":true}]}}