{"id":1417,"date":"2020-02-04T14:39:41","date_gmt":"2020-02-04T14:39:41","guid":{"rendered":"https:\/\/www.secuscan.com\/produkte\/festeinbausystem\/"},"modified":"2025-07-04T10:32:04","modified_gmt":"2025-07-04T09:32:04","slug":"festeinbausystem","status":"publish","type":"page","link":"https:\/\/www.secuscan.com\/de\/produkte\/festeinbausystem\/","title":{"rendered":"Festeinbausystem"},"content":{"rendered":"<p>[et_pb_section fb_built=&#8220;1&#8243; _builder_version=&#8220;4.16&#8243; background_color=&#8220;rgba(33,33,33,0.13)&#8220; module_alignment=&#8220;center&#8220; global_colors_info=&#8220;{}&#8220;][et_pb_row _builder_version=&#8220;4.16&#8243; global_colors_info=&#8220;{}&#8220;][et_pb_column type=&#8220;4_4&#8243; _builder_version=&#8220;4.16&#8243; global_colors_info=&#8220;{}&#8220;][et_pb_text _builder_version=&#8220;4.20.2&#8243; global_colors_info=&#8220;{}&#8220;]<\/p>\n<h1>Permanent System<\/h1>\n<p><\/p>\n<p>The SecuScan\u00ae as permanent system is available as flush mount installation or with Heavy Duty Cover. The high quality SecuScan\u00ae PRO flush mount housing is extremely robust and ideal for harsh environment. It scans outstanding high resolution color images with a wide angle to guarantee full scans of all types of vehicles (incl. door sills \/ running boards). The rubber pad system can also be used as permanent system. It has to be bolted down on the road surface.<\/p>\n<p>[\/et_pb_text][\/et_pb_column][\/et_pb_row][et_pb_row column_structure=&#8220;1_3,1_3,1_3&#8243; _builder_version=&#8220;4.16&#8243; custom_margin=&#8220;||0px||false|false&#8220; global_colors_info=&#8220;{}&#8220;][et_pb_column type=&#8220;1_3&#8243; _builder_version=&#8220;4.16&#8243; global_colors_info=&#8220;{}&#8220;][et_pb_blurb title=&#8220;Festeinbausystem mit Heavy Duty Cover (Schwerlastabdeckung)&#8220; image=&#8220;https:\/\/www.secuscan.com\/wp-content\/uploads\/2023\/04\/permanent_uvms-heavy-duty.jpg&#8220; alt=&#8220;Permanent System with Heavy Duty Cover &#8220; _builder_version=&#8220;4.27.4&#8243; link_option_url=&#8220;https:\/\/www.secuscan.com\/de\/produkte\/festeinbausystem\/festeinbausystem-mit-heavy-duty-cover\/&#8220; global_colors_info=&#8220;{}&#8220; header_level=&#8220;h2&#8243; header_font_size=&#8220;22px&#8220; header_text_color=&#8220;#222222&#8243;]Das Festeinbausystem mit Heavy Duty Cover h\u00e4lt aufgrund seiner extrem robusten Konstruktion auch dem Gewicht gro\u00dfer LKWs stand. Das komplette System besteht aus Edelstahl und kann mit geringem Bauaufwand in die Fahrbahn eingebaut werden. Die Installation der Schwerlastabdeckung ist fast b\u00fcndig zur Stra\u00dfenoberfl\u00e4che.<\/p>\n<p>Die dazugeh\u00f6rige SecuScan\u00ae ScanStation ist als Tower-Geh\u00e4use oder 19-Zoll-Geh\u00e4use f\u00fcr die Rack-Montage erh\u00e4ltlich.[\/et_pb_blurb][\/et_pb_column][et_pb_column type=&#8220;1_3&#8243; _builder_version=&#8220;4.16&#8243; global_colors_info=&#8220;{}&#8220;][et_pb_blurb title=&#8220;SecuScan\u00ae PRO&#8220; image=&#8220;https:\/\/www.secuscan.com\/wp-content\/uploads\/2023\/04\/permanent_uvms-guiding-axles.jpg&#8220; alt=&#8220;SecuScan\u00ae PRO&#8220; admin_label=&#8220;Permanent system with guiding axles&#8220; _builder_version=&#8220;4.27.4&#8243; link_option_url=&#8220;https:\/\/www.secuscan.com\/de\/produkte\/festeinbausystem\/1378-2\/&#8220; global_colors_info=&#8220;{}&#8220; header_level=&#8220;h2&#8243; header_font_size=&#8220;22px&#8220; header_text_color=&#8220;#222222&#8243;]<\/p>\n<p>Das SecuScan\u00ae PRO System ist das Resultat aus \u00fcber 20 Jahren Erfahrung im Bereich Fahrzeugunterbodenkontrollsysteme. Es vereint alle Vorteile f\u00fcr eine professionelle und effiziente Kontrolle.<br \/>Das System wird bodenb\u00fcndig verbaut und ist vollst\u00e4ndig \u00fcberfahrbar. Eine automatische Reinigungsanlage ist optional erh\u00e4ltlich.<\/p>\n<p>[\/et_pb_blurb][\/et_pb_column][et_pb_column type=&#8220;1_3&#8243; _builder_version=&#8220;4.16&#8243; global_colors_info=&#8220;{}&#8220;][et_pb_blurb title=&#8220;Festeinbausystem mit Gummimatten&#8220; image=&#8220;https:\/\/www.secuscan.com\/wp-content\/uploads\/2023\/04\/permanent_uvms-rubber-pads.jpg&#8220; alt=&#8220;Permanent System with Rubber Pads&#8220; admin_label=&#8220;Permanent Ssystem with Rubber Pads&#8220; _builder_version=&#8220;4.27.4&#8243; link_option_url=&#8220;https:\/\/www.secuscan.com\/de\/produkte\/festeinbausystem\/festeinbausystem-mit-gummimatten\/&#8220; global_colors_info=&#8220;{}&#8220; header_level=&#8220;h2&#8243; header_font_size=&#8220;22px&#8220; header_text_color=&#8220;#222222&#8243;]Das Festeinbausystem mit Gummimatten ist besonders einfach zu installieren, weil die Fahrbahnoberfl\u00e4che zum Einbau nicht ge\u00f6ffnet werden muss. Die Gummimatten liegen auf der Fahrbahnoberfl\u00e4che. Das spezielle SecuScan\u00ae D\u00fcbelset verankert das System dennoch absolut zuverl\u00e4ssig mit der Fahrbahn. Der gro\u00dfe Vorteil dieses Systems liegt in der schnellen und einfachen Installation.<\/p>\n<p>Zus\u00e4tzlich werden durch die Konstruktion des Systems mit Gummimattenrampen die Fahrzeuge im Inspektionsbereich verlangsamt. Die Gummimatten sind extrem robust und k\u00f6nnen auch in rauen Umgebungen installiert werden.<\/p>\n<p>Die dazugeh\u00f6rige SecuScan\u00ae ScanStation ist als Tower-Geh\u00e4use oder 19-Zoll-Geh\u00e4use f\u00fcr die Rack-Montage erh\u00e4ltlich.[\/et_pb_blurb][\/et_pb_column][\/et_pb_row][\/et_pb_section]<\/p>\n","protected":false},"excerpt":{"rendered":"<p>Permanent SystemThe SecuScan\u00ae as permanent system is available as flush mount installation or with Heavy Duty Cover. The high quality SecuScan\u00ae PRO flush mount housing is extremely robust and ideal for harsh environment. It scans outstanding high resolution color images with a wide angle to guarantee full scans of all types of vehicles (incl. door [&hellip;]<\/p>\n","protected":false},"author":1,"featured_media":0,"parent":1374,"menu_order":0,"comment_status":"closed","ping_status":"closed","template":"","meta":{"_et_pb_use_builder":"on","_et_pb_old_content":"","_et_gb_content_width":"","footnotes":""},"class_list":["post-1417","page","type-page","status-publish","hentry"],"yoast_head":"<!-- This site is optimized with the Yoast SEO plugin v26.9 - https:\/\/yoast.com\/product\/yoast-seo-wordpress\/ -->\n<title>Festeinbausystem - SECUSCAN<\/title>\n<meta name=\"description\" content=\"Entdecken Sie unsere SecuScan\u00ae Permanent-Systeme. Erh\u00e4ltlich mit Heavy Duty Cover oder F\u00fchrungsachsen. EDELSTAHL - UNVERW\u00dcSTLICH - MADE IN GERMANY.\" \/>\n<meta name=\"robots\" content=\"index, follow, max-snippet:-1, max-image-preview:large, max-video-preview:-1\" \/>\n<link rel=\"canonical\" href=\"https:\/\/www.secuscan.com\/de\/produkte\/festeinbausystem\/\" \/>\n<meta property=\"og:locale\" content=\"de_DE\" \/>\n<meta property=\"og:type\" content=\"article\" \/>\n<meta property=\"og:title\" content=\"Festeinbausystem - SECUSCAN\" \/>\n<meta property=\"og:description\" content=\"Entdecken Sie unsere SecuScan\u00ae Permanent-Systeme. Erh\u00e4ltlich mit Heavy Duty Cover oder F\u00fchrungsachsen. EDELSTAHL - UNVERW\u00dcSTLICH - MADE IN GERMANY.\" \/>\n<meta property=\"og:url\" content=\"https:\/\/www.secuscan.com\/de\/produkte\/festeinbausystem\/\" \/>\n<meta property=\"og:site_name\" content=\"SECUSCAN\" \/>\n<meta property=\"article:modified_time\" content=\"2025-07-04T09:32:04+00:00\" \/>\n<meta name=\"twitter:card\" content=\"summary_large_image\" \/>\n<meta name=\"twitter:label1\" content=\"Gesch\u00e4tzte Lesezeit\" \/>\n\t<meta name=\"twitter:data1\" content=\"3\u00a0Minuten\" \/>\n<script type=\"application\/ld+json\" class=\"yoast-schema-graph\">{\"@context\":\"https:\/\/schema.org\",\"@graph\":[{\"@type\":\"WebPage\",\"@id\":\"https:\/\/www.secuscan.com\/de\/produkte\/festeinbausystem\/\",\"url\":\"https:\/\/www.secuscan.com\/de\/produkte\/festeinbausystem\/\",\"name\":\"Festeinbausystem - SECUSCAN\",\"isPartOf\":{\"@id\":\"https:\/\/www.secuscan.com\/de\/#website\"},\"datePublished\":\"2020-02-04T14:39:41+00:00\",\"dateModified\":\"2025-07-04T09:32:04+00:00\",\"description\":\"Entdecken Sie unsere SecuScan\u00ae Permanent-Systeme. Erh\u00e4ltlich mit Heavy Duty Cover oder F\u00fchrungsachsen. EDELSTAHL - UNVERW\u00dcSTLICH - MADE IN GERMANY.\",\"breadcrumb\":{\"@id\":\"https:\/\/www.secuscan.com\/de\/produkte\/festeinbausystem\/#breadcrumb\"},\"inLanguage\":\"de\",\"potentialAction\":[{\"@type\":\"ReadAction\",\"target\":[\"https:\/\/www.secuscan.com\/de\/produkte\/festeinbausystem\/\"]}]},{\"@type\":\"BreadcrumbList\",\"@id\":\"https:\/\/www.secuscan.com\/de\/produkte\/festeinbausystem\/#breadcrumb\",\"itemListElement\":[{\"@type\":\"ListItem\",\"position\":1,\"name\":\"Home\",\"item\":\"https:\/\/www.secuscan.com\/de\/\"},{\"@type\":\"ListItem\",\"position\":2,\"name\":\"Produkte\",\"item\":\"https:\/\/www.secuscan.com\/de\/products\/\"},{\"@type\":\"ListItem\",\"position\":3,\"name\":\"Festeinbausystem\"}]},{\"@type\":\"WebSite\",\"@id\":\"https:\/\/www.secuscan.com\/de\/#website\",\"url\":\"https:\/\/www.secuscan.com\/de\/\",\"name\":\"SECUSCAN\",\"description\":\"UNDER VEHICLE INSPECTION SYSTEM\",\"publisher\":{\"@id\":\"https:\/\/www.secuscan.com\/de\/#organization\"},\"potentialAction\":[{\"@type\":\"SearchAction\",\"target\":{\"@type\":\"EntryPoint\",\"urlTemplate\":\"https:\/\/www.secuscan.com\/de\/?s={search_term_string}\"},\"query-input\":{\"@type\":\"PropertyValueSpecification\",\"valueRequired\":true,\"valueName\":\"search_term_string\"}}],\"inLanguage\":\"de\"},{\"@type\":\"Organization\",\"@id\":\"https:\/\/www.secuscan.com\/de\/#organization\",\"name\":\"SecuScan\",\"url\":\"https:\/\/www.secuscan.com\/de\/\",\"logo\":{\"@type\":\"ImageObject\",\"inLanguage\":\"de\",\"@id\":\"https:\/\/www.secuscan.com\/de\/#\/schema\/logo\/image\/\",\"url\":\"https:\/\/www.secuscan.com\/wp-content\/uploads\/2020\/01\/secuscan-logo.png\",\"contentUrl\":\"https:\/\/www.secuscan.com\/wp-content\/uploads\/2020\/01\/secuscan-logo.png\",\"width\":241,\"height\":54,\"caption\":\"SecuScan\"},\"image\":{\"@id\":\"https:\/\/www.secuscan.com\/de\/#\/schema\/logo\/image\/\"}}]}<\/script>\n<!-- \/ Yoast SEO plugin. -->","yoast_head_json":{"title":"Festeinbausystem - SECUSCAN","description":"Entdecken Sie unsere SecuScan\u00ae Permanent-Systeme. Erh\u00e4ltlich mit Heavy Duty Cover oder F\u00fchrungsachsen. EDELSTAHL - UNVERW\u00dcSTLICH - MADE IN GERMANY.","robots":{"index":"index","follow":"follow","max-snippet":"max-snippet:-1","max-image-preview":"max-image-preview:large","max-video-preview":"max-video-preview:-1"},"canonical":"https:\/\/www.secuscan.com\/de\/produkte\/festeinbausystem\/","og_locale":"de_DE","og_type":"article","og_title":"Festeinbausystem - SECUSCAN","og_description":"Entdecken Sie unsere SecuScan\u00ae Permanent-Systeme. Erh\u00e4ltlich mit Heavy Duty Cover oder F\u00fchrungsachsen. EDELSTAHL - UNVERW\u00dcSTLICH - MADE IN GERMANY.","og_url":"https:\/\/www.secuscan.com\/de\/produkte\/festeinbausystem\/","og_site_name":"SECUSCAN","article_modified_time":"2025-07-04T09:32:04+00:00","twitter_card":"summary_large_image","twitter_misc":{"Gesch\u00e4tzte Lesezeit":"3\u00a0Minuten"},"schema":{"@context":"https:\/\/schema.org","@graph":[{"@type":"WebPage","@id":"https:\/\/www.secuscan.com\/de\/produkte\/festeinbausystem\/","url":"https:\/\/www.secuscan.com\/de\/produkte\/festeinbausystem\/","name":"Festeinbausystem - SECUSCAN","isPartOf":{"@id":"https:\/\/www.secuscan.com\/de\/#website"},"datePublished":"2020-02-04T14:39:41+00:00","dateModified":"2025-07-04T09:32:04+00:00","description":"Entdecken Sie unsere SecuScan\u00ae Permanent-Systeme. Erh\u00e4ltlich mit Heavy Duty Cover oder F\u00fchrungsachsen. EDELSTAHL - UNVERW\u00dcSTLICH - MADE IN GERMANY.","breadcrumb":{"@id":"https:\/\/www.secuscan.com\/de\/produkte\/festeinbausystem\/#breadcrumb"},"inLanguage":"de","potentialAction":[{"@type":"ReadAction","target":["https:\/\/www.secuscan.com\/de\/produkte\/festeinbausystem\/"]}]},{"@type":"BreadcrumbList","@id":"https:\/\/www.secuscan.com\/de\/produkte\/festeinbausystem\/#breadcrumb","itemListElement":[{"@type":"ListItem","position":1,"name":"Home","item":"https:\/\/www.secuscan.com\/de\/"},{"@type":"ListItem","position":2,"name":"Produkte","item":"https:\/\/www.secuscan.com\/de\/products\/"},{"@type":"ListItem","position":3,"name":"Festeinbausystem"}]},{"@type":"WebSite","@id":"https:\/\/www.secuscan.com\/de\/#website","url":"https:\/\/www.secuscan.com\/de\/","name":"SECUSCAN","description":"UNDER VEHICLE INSPECTION SYSTEM","publisher":{"@id":"https:\/\/www.secuscan.com\/de\/#organization"},"potentialAction":[{"@type":"SearchAction","target":{"@type":"EntryPoint","urlTemplate":"https:\/\/www.secuscan.com\/de\/?s={search_term_string}"},"query-input":{"@type":"PropertyValueSpecification","valueRequired":true,"valueName":"search_term_string"}}],"inLanguage":"de"},{"@type":"Organization","@id":"https:\/\/www.secuscan.com\/de\/#organization","name":"SecuScan","url":"https:\/\/www.secuscan.com\/de\/","logo":{"@type":"ImageObject","inLanguage":"de","@id":"https:\/\/www.secuscan.com\/de\/#\/schema\/logo\/image\/","url":"https:\/\/www.secuscan.com\/wp-content\/uploads\/2020\/01\/secuscan-logo.png","contentUrl":"https:\/\/www.secuscan.com\/wp-content\/uploads\/2020\/01\/secuscan-logo.png","width":241,"height":54,"caption":"SecuScan"},"image":{"@id":"https:\/\/www.secuscan.com\/de\/#\/schema\/logo\/image\/"}}]}},"_links":{"self":[{"href":"https:\/\/www.secuscan.com\/de\/wp-json\/wp\/v2\/pages\/1417","targetHints":{"allow":["GET"]}}],"collection":[{"href":"https:\/\/www.secuscan.com\/de\/wp-json\/wp\/v2\/pages"}],"about":[{"href":"https:\/\/www.secuscan.com\/de\/wp-json\/wp\/v2\/types\/page"}],"author":[{"embeddable":true,"href":"https:\/\/www.secuscan.com\/de\/wp-json\/wp\/v2\/users\/1"}],"replies":[{"embeddable":true,"href":"https:\/\/www.secuscan.com\/de\/wp-json\/wp\/v2\/comments?post=1417"}],"version-history":[{"count":3,"href":"https:\/\/www.secuscan.com\/de\/wp-json\/wp\/v2\/pages\/1417\/revisions"}],"predecessor-version":[{"id":2054,"href":"https:\/\/www.secuscan.com\/de\/wp-json\/wp\/v2\/pages\/1417\/revisions\/2054"}],"up":[{"embeddable":true,"href":"https:\/\/www.secuscan.com\/de\/wp-json\/wp\/v2\/pages\/1374"}],"wp:attachment":[{"href":"https:\/\/www.secuscan.com\/de\/wp-json\/wp\/v2\/media?parent=1417"}],"curies":[{"name":"wp","href":"https:\/\/api.w.org\/{rel}","templated":true}]}}