{"id":1438,"date":"2020-04-27T13:01:00","date_gmt":"2020-04-27T13:01:00","guid":{"rendered":"https:\/\/www.secuscan.com\/ueber-secuscan\/"},"modified":"2025-07-04T10:20:37","modified_gmt":"2025-07-04T09:20:37","slug":"ueber-secuscan","status":"publish","type":"page","link":"https:\/\/www.secuscan.com\/de\/ueber-secuscan\/","title":{"rendered":"\u00dcber SecuScan"},"content":{"rendered":"<p>[et_pb_section fb_built=&#8220;1&#8243; fullwidth=&#8220;on&#8220; _builder_version=&#8220;4.16&#8243; collapsed=&#8220;off&#8220; global_colors_info=&#8220;{}&#8220;][et_pb_fullwidth_image src=&#8220;https:\/\/www.secuscan.com\/wp-content\/uploads\/2020\/03\/secuscan-central_3.jpg&#8220; alt=&#8220;Secuscan Hauptgesch\u00e4ftsstelle&#8220; title_text=&#8220;secuscan-central_3&#8243; _builder_version=&#8220;4.27.4&#8243; global_colors_info=&#8220;{}&#8220;][\/et_pb_fullwidth_image][\/et_pb_section][et_pb_section fb_built=&#8220;1&#8243; _builder_version=&#8220;4.16&#8243; global_colors_info=&#8220;{}&#8220;][et_pb_row _builder_version=&#8220;4.16&#8243; global_colors_info=&#8220;{}&#8220;][et_pb_column type=&#8220;4_4&#8243; _builder_version=&#8220;4.16&#8243; global_colors_info=&#8220;{}&#8220;][et_pb_text _builder_version=&#8220;4.16&#8243; global_colors_info=&#8220;{}&#8220;]<\/p>\n<h1>SecuScan \u00ae \u2013 Das Fahrzeugunterbodenkontrollsystem<\/h1>\n<p><\/p>\n<p><img loading=\"lazy\" decoding=\"async\" class=\"alignnone wp-image-848 \" src=\"https:\/\/www.secuscan.com\/wp-content\/uploads\/2020\/03\/made-in-germany_b-300x26.png\" alt=\"\" width=\"236\" height=\"9\" \/><\/p>\n<p>SecuScan\u00ae ist eine Marke des deutschen Technologieunternehmens KTG GmbH. Seit 2001 entwickelt das Unternehmen kundenspezifische L\u00f6sungen f\u00fcr die Fahrzeugkontrolle an Einfahrten zu zivilen und milit\u00e4rischen Sicherheitsbereichen.<\/p>\n<p>Das Fahrzeugunterbodenkontrollsystem SecuScan\u00ae unterst\u00fctzt mit seiner hocheffizienten Scan-Technologie sekundenschnelles und unkompliziertes Aufsp\u00fcren sicherheitsgef\u00e4hrdender Gegenst\u00e4nde, wie Sprengstoff, Drogen, Schmuggelgut etc.<\/p>\n<p>Im Gegensatz zu herk\u00f6mmlichen Unterbodenkontrollmethoden, wie beispielsweise Inspektionsgruben oder Handspiegel, erm\u00f6glicht SecuScan\u00ae effektive Sicherheitsinspektionen, ohne dabei den Verkehrsfluss am Kontrollpunkt zu verz\u00f6gern und ohne das eingesetzte Sicherheitspersonal vor Ort durch die Arbeit au\u00dferhalb des gesch\u00fctzten Kontrollstandes zu gef\u00e4hrden. Als Innovationsf\u00fchrer wird SecuScan\u00ae heute in \u00fcber 50 L\u00e4ndern erfolgreich eingesetzt.<\/p>\n<p>Die Systeme von SecuScan\u00ae agieren als Sicherungslinie an Zufahrten von strategisch wichtigen Industrieanlagen, Milit\u00e4r- und Regierungsgeb\u00e4uden, Flug- und Seeh\u00e4fen, Botschaften, Hotels, Grenz\u00fcberg\u00e4ngen, Gef\u00e4ngnissen, Stadien etc.[\/et_pb_text][\/et_pb_column][\/et_pb_row][\/et_pb_section]<\/p>\n","protected":false},"excerpt":{"rendered":"<p>SecuScan \u00ae \u2013 Das FahrzeugunterbodenkontrollsystemSecuScan\u00ae ist eine Marke des deutschen Technologieunternehmens KTG GmbH. Seit 2001 entwickelt das Unternehmen kundenspezifische L\u00f6sungen f\u00fcr die Fahrzeugkontrolle an Einfahrten zu zivilen und milit\u00e4rischen Sicherheitsbereichen.Das Fahrzeugunterbodenkontrollsystem SecuScan\u00ae unterst\u00fctzt mit seiner hocheffizienten Scan-Technologie sekundenschnelles und unkompliziertes Aufsp\u00fcren sicherheitsgef\u00e4hrdender Gegenst\u00e4nde, wie Sprengstoff, Drogen, Schmuggelgut etc.Im Gegensatz zu herk\u00f6mmlichen Unterbodenkontrollmethoden, wie beispielsweise Inspektionsgruben [&hellip;]<\/p>\n","protected":false},"author":1,"featured_media":0,"parent":0,"menu_order":0,"comment_status":"closed","ping_status":"closed","template":"","meta":{"_et_pb_use_builder":"on","_et_pb_old_content":"","_et_gb_content_width":"","footnotes":""},"class_list":["post-1438","page","type-page","status-publish","hentry"],"yoast_head":"<!-- This site is optimized with the Yoast SEO plugin v26.9 - https:\/\/yoast.com\/product\/yoast-seo-wordpress\/ -->\n<title>\u00dcber SecuScan - SECUSCAN<\/title>\n<meta name=\"description\" content=\"Erfahren Sie, wie SecuScan\u00ae, ein Gesch\u00e4ftsbereich des deutschen Technologieunternehmens KTG GmbH, seit 2001 hochaufl\u00f6sende Unterbodenkontrollsysteme liefert, die in ~50 L\u00e4ndern eingesetzt werden.\" \/>\n<meta name=\"robots\" content=\"index, follow, max-snippet:-1, max-image-preview:large, max-video-preview:-1\" \/>\n<link rel=\"canonical\" href=\"https:\/\/www.secuscan.com\/de\/ueber-secuscan\/\" \/>\n<meta property=\"og:locale\" content=\"de_DE\" \/>\n<meta property=\"og:type\" content=\"article\" \/>\n<meta property=\"og:title\" content=\"\u00dcber SecuScan - SECUSCAN\" \/>\n<meta property=\"og:description\" content=\"Erfahren Sie, wie SecuScan\u00ae, ein Gesch\u00e4ftsbereich des deutschen Technologieunternehmens KTG GmbH, seit 2001 hochaufl\u00f6sende Unterbodenkontrollsysteme liefert, die in ~50 L\u00e4ndern eingesetzt werden.\" \/>\n<meta property=\"og:url\" content=\"https:\/\/www.secuscan.com\/de\/ueber-secuscan\/\" \/>\n<meta property=\"og:site_name\" content=\"SECUSCAN\" \/>\n<meta property=\"article:modified_time\" content=\"2025-07-04T09:20:37+00:00\" \/>\n<meta property=\"og:image\" content=\"https:\/\/www.secuscan.com\/wp-content\/uploads\/2020\/03\/made-in-germany_b.png\" \/>\n\t<meta property=\"og:image:width\" content=\"937\" \/>\n\t<meta property=\"og:image:height\" content=\"81\" \/>\n\t<meta property=\"og:image:type\" content=\"image\/png\" \/>\n<meta name=\"twitter:card\" content=\"summary_large_image\" \/>\n<meta name=\"twitter:label1\" content=\"Gesch\u00e4tzte Lesezeit\" \/>\n\t<meta name=\"twitter:data1\" content=\"1\u00a0Minute\" \/>\n<script type=\"application\/ld+json\" class=\"yoast-schema-graph\">{\"@context\":\"https:\/\/schema.org\",\"@graph\":[{\"@type\":\"WebPage\",\"@id\":\"https:\/\/www.secuscan.com\/de\/ueber-secuscan\/\",\"url\":\"https:\/\/www.secuscan.com\/de\/ueber-secuscan\/\",\"name\":\"\u00dcber SecuScan - SECUSCAN\",\"isPartOf\":{\"@id\":\"https:\/\/www.secuscan.com\/de\/#website\"},\"primaryImageOfPage\":{\"@id\":\"https:\/\/www.secuscan.com\/de\/ueber-secuscan\/#primaryimage\"},\"image\":{\"@id\":\"https:\/\/www.secuscan.com\/de\/ueber-secuscan\/#primaryimage\"},\"thumbnailUrl\":\"https:\/\/www.secuscan.com\/wp-content\/uploads\/2020\/03\/made-in-germany_b-300x26.png\",\"datePublished\":\"2020-04-27T13:01:00+00:00\",\"dateModified\":\"2025-07-04T09:20:37+00:00\",\"description\":\"Erfahren Sie, wie SecuScan\u00ae, ein Gesch\u00e4ftsbereich des deutschen Technologieunternehmens KTG GmbH, seit 2001 hochaufl\u00f6sende Unterbodenkontrollsysteme liefert, die in ~50 L\u00e4ndern eingesetzt werden.\",\"breadcrumb\":{\"@id\":\"https:\/\/www.secuscan.com\/de\/ueber-secuscan\/#breadcrumb\"},\"inLanguage\":\"de\",\"potentialAction\":[{\"@type\":\"ReadAction\",\"target\":[\"https:\/\/www.secuscan.com\/de\/ueber-secuscan\/\"]}]},{\"@type\":\"ImageObject\",\"inLanguage\":\"de\",\"@id\":\"https:\/\/www.secuscan.com\/de\/ueber-secuscan\/#primaryimage\",\"url\":\"https:\/\/www.secuscan.com\/wp-content\/uploads\/2020\/03\/made-in-germany_b-300x26.png\",\"contentUrl\":\"https:\/\/www.secuscan.com\/wp-content\/uploads\/2020\/03\/made-in-germany_b-300x26.png\"},{\"@type\":\"BreadcrumbList\",\"@id\":\"https:\/\/www.secuscan.com\/de\/ueber-secuscan\/#breadcrumb\",\"itemListElement\":[{\"@type\":\"ListItem\",\"position\":1,\"name\":\"Home\",\"item\":\"https:\/\/www.secuscan.com\/de\/\"},{\"@type\":\"ListItem\",\"position\":2,\"name\":\"\u00dcber SecuScan\"}]},{\"@type\":\"WebSite\",\"@id\":\"https:\/\/www.secuscan.com\/de\/#website\",\"url\":\"https:\/\/www.secuscan.com\/de\/\",\"name\":\"SECUSCAN\",\"description\":\"UNDER VEHICLE INSPECTION SYSTEM\",\"publisher\":{\"@id\":\"https:\/\/www.secuscan.com\/de\/#organization\"},\"potentialAction\":[{\"@type\":\"SearchAction\",\"target\":{\"@type\":\"EntryPoint\",\"urlTemplate\":\"https:\/\/www.secuscan.com\/de\/?s={search_term_string}\"},\"query-input\":{\"@type\":\"PropertyValueSpecification\",\"valueRequired\":true,\"valueName\":\"search_term_string\"}}],\"inLanguage\":\"de\"},{\"@type\":\"Organization\",\"@id\":\"https:\/\/www.secuscan.com\/de\/#organization\",\"name\":\"SecuScan\",\"url\":\"https:\/\/www.secuscan.com\/de\/\",\"logo\":{\"@type\":\"ImageObject\",\"inLanguage\":\"de\",\"@id\":\"https:\/\/www.secuscan.com\/de\/#\/schema\/logo\/image\/\",\"url\":\"https:\/\/www.secuscan.com\/wp-content\/uploads\/2020\/01\/secuscan-logo.png\",\"contentUrl\":\"https:\/\/www.secuscan.com\/wp-content\/uploads\/2020\/01\/secuscan-logo.png\",\"width\":241,\"height\":54,\"caption\":\"SecuScan\"},\"image\":{\"@id\":\"https:\/\/www.secuscan.com\/de\/#\/schema\/logo\/image\/\"}}]}<\/script>\n<!-- \/ Yoast SEO plugin. -->","yoast_head_json":{"title":"\u00dcber SecuScan - SECUSCAN","description":"Erfahren Sie, wie SecuScan\u00ae, ein Gesch\u00e4ftsbereich des deutschen Technologieunternehmens KTG GmbH, seit 2001 hochaufl\u00f6sende Unterbodenkontrollsysteme liefert, die in ~50 L\u00e4ndern eingesetzt werden.","robots":{"index":"index","follow":"follow","max-snippet":"max-snippet:-1","max-image-preview":"max-image-preview:large","max-video-preview":"max-video-preview:-1"},"canonical":"https:\/\/www.secuscan.com\/de\/ueber-secuscan\/","og_locale":"de_DE","og_type":"article","og_title":"\u00dcber SecuScan - SECUSCAN","og_description":"Erfahren Sie, wie SecuScan\u00ae, ein Gesch\u00e4ftsbereich des deutschen Technologieunternehmens KTG GmbH, seit 2001 hochaufl\u00f6sende Unterbodenkontrollsysteme liefert, die in ~50 L\u00e4ndern eingesetzt werden.","og_url":"https:\/\/www.secuscan.com\/de\/ueber-secuscan\/","og_site_name":"SECUSCAN","article_modified_time":"2025-07-04T09:20:37+00:00","og_image":[{"width":937,"height":81,"url":"https:\/\/www.secuscan.com\/wp-content\/uploads\/2020\/03\/made-in-germany_b.png","type":"image\/png"}],"twitter_card":"summary_large_image","twitter_misc":{"Gesch\u00e4tzte Lesezeit":"1\u00a0Minute"},"schema":{"@context":"https:\/\/schema.org","@graph":[{"@type":"WebPage","@id":"https:\/\/www.secuscan.com\/de\/ueber-secuscan\/","url":"https:\/\/www.secuscan.com\/de\/ueber-secuscan\/","name":"\u00dcber SecuScan - SECUSCAN","isPartOf":{"@id":"https:\/\/www.secuscan.com\/de\/#website"},"primaryImageOfPage":{"@id":"https:\/\/www.secuscan.com\/de\/ueber-secuscan\/#primaryimage"},"image":{"@id":"https:\/\/www.secuscan.com\/de\/ueber-secuscan\/#primaryimage"},"thumbnailUrl":"https:\/\/www.secuscan.com\/wp-content\/uploads\/2020\/03\/made-in-germany_b-300x26.png","datePublished":"2020-04-27T13:01:00+00:00","dateModified":"2025-07-04T09:20:37+00:00","description":"Erfahren Sie, wie SecuScan\u00ae, ein Gesch\u00e4ftsbereich des deutschen Technologieunternehmens KTG GmbH, seit 2001 hochaufl\u00f6sende Unterbodenkontrollsysteme liefert, die in ~50 L\u00e4ndern eingesetzt werden.","breadcrumb":{"@id":"https:\/\/www.secuscan.com\/de\/ueber-secuscan\/#breadcrumb"},"inLanguage":"de","potentialAction":[{"@type":"ReadAction","target":["https:\/\/www.secuscan.com\/de\/ueber-secuscan\/"]}]},{"@type":"ImageObject","inLanguage":"de","@id":"https:\/\/www.secuscan.com\/de\/ueber-secuscan\/#primaryimage","url":"https:\/\/www.secuscan.com\/wp-content\/uploads\/2020\/03\/made-in-germany_b-300x26.png","contentUrl":"https:\/\/www.secuscan.com\/wp-content\/uploads\/2020\/03\/made-in-germany_b-300x26.png"},{"@type":"BreadcrumbList","@id":"https:\/\/www.secuscan.com\/de\/ueber-secuscan\/#breadcrumb","itemListElement":[{"@type":"ListItem","position":1,"name":"Home","item":"https:\/\/www.secuscan.com\/de\/"},{"@type":"ListItem","position":2,"name":"\u00dcber SecuScan"}]},{"@type":"WebSite","@id":"https:\/\/www.secuscan.com\/de\/#website","url":"https:\/\/www.secuscan.com\/de\/","name":"SECUSCAN","description":"UNDER VEHICLE INSPECTION SYSTEM","publisher":{"@id":"https:\/\/www.secuscan.com\/de\/#organization"},"potentialAction":[{"@type":"SearchAction","target":{"@type":"EntryPoint","urlTemplate":"https:\/\/www.secuscan.com\/de\/?s={search_term_string}"},"query-input":{"@type":"PropertyValueSpecification","valueRequired":true,"valueName":"search_term_string"}}],"inLanguage":"de"},{"@type":"Organization","@id":"https:\/\/www.secuscan.com\/de\/#organization","name":"SecuScan","url":"https:\/\/www.secuscan.com\/de\/","logo":{"@type":"ImageObject","inLanguage":"de","@id":"https:\/\/www.secuscan.com\/de\/#\/schema\/logo\/image\/","url":"https:\/\/www.secuscan.com\/wp-content\/uploads\/2020\/01\/secuscan-logo.png","contentUrl":"https:\/\/www.secuscan.com\/wp-content\/uploads\/2020\/01\/secuscan-logo.png","width":241,"height":54,"caption":"SecuScan"},"image":{"@id":"https:\/\/www.secuscan.com\/de\/#\/schema\/logo\/image\/"}}]}},"_links":{"self":[{"href":"https:\/\/www.secuscan.com\/de\/wp-json\/wp\/v2\/pages\/1438","targetHints":{"allow":["GET"]}}],"collection":[{"href":"https:\/\/www.secuscan.com\/de\/wp-json\/wp\/v2\/pages"}],"about":[{"href":"https:\/\/www.secuscan.com\/de\/wp-json\/wp\/v2\/types\/page"}],"author":[{"embeddable":true,"href":"https:\/\/www.secuscan.com\/de\/wp-json\/wp\/v2\/users\/1"}],"replies":[{"embeddable":true,"href":"https:\/\/www.secuscan.com\/de\/wp-json\/wp\/v2\/comments?post=1438"}],"version-history":[{"count":3,"href":"https:\/\/www.secuscan.com\/de\/wp-json\/wp\/v2\/pages\/1438\/revisions"}],"predecessor-version":[{"id":2030,"href":"https:\/\/www.secuscan.com\/de\/wp-json\/wp\/v2\/pages\/1438\/revisions\/2030"}],"wp:attachment":[{"href":"https:\/\/www.secuscan.com\/de\/wp-json\/wp\/v2\/media?parent=1438"}],"curies":[{"name":"wp","href":"https:\/\/api.w.org\/{rel}","templated":true}]}}