{"id":1443,"date":"2020-03-03T08:16:51","date_gmt":"2020-03-03T08:16:51","guid":{"rendered":"https:\/\/www.secuscan.com\/impressum\/"},"modified":"2025-06-30T10:50:42","modified_gmt":"2025-06-30T10:50:42","slug":"impressum","status":"publish","type":"page","link":"https:\/\/www.secuscan.com\/de\/impressum\/","title":{"rendered":"Impressum"},"content":{"rendered":"<p>[et_pb_section fb_built=&#8220;1&#8243; _builder_version=&#8220;4.16&#8243; global_colors_info=&#8220;{}&#8220;][et_pb_row _builder_version=&#8220;4.16&#8243; background_size=&#8220;initial&#8220; background_position=&#8220;top_left&#8220; background_repeat=&#8220;repeat&#8220; global_colors_info=&#8220;{}&#8220;][et_pb_column type=&#8220;4_4&#8243; _builder_version=&#8220;4.16&#8243; custom_padding=&#8220;|||&#8220; global_colors_info=&#8220;{}&#8220; custom_padding__hover=&#8220;|||&#8220;][et_pb_text _builder_version=&#8220;4.20.2&#8243; text_text_color=&#8220;#112211&#8243; background_size=&#8220;initial&#8220; background_position=&#8220;top_left&#8220; background_repeat=&#8220;repeat&#8220; hover_enabled=&#8220;0&#8243; text_text_color_tablet=&#8220;#112211&#8243; text_text_color_phone=&#8220;#112211&#8243; text_text_color_last_edited=&#8220;on|desktop&#8220; global_colors_info=&#8220;{}&#8220; sticky_enabled=&#8220;0&#8243;]<\/p>\n<h1>Impressum<\/h1>\n<p>\u00a9 Copyright 2025 KTG GmbH, Marschnerstra\u00dfe 18, 81245 M\u00fcnchen, Deutschland<\/p>\n<h2>Angaben gem\u00e4\u00df \u00a7 5 TMG<\/h2>\n<p>KTG GmbH Marschnerstra\u00dfe 18 D-81245 M\u00fcnchen Handelsregister: HRB 143641 Registergericht: Amtsgericht M\u00fcnchen <strong>Vertreten durch:<\/strong> Thomas Gindl<\/p>\n<h2>Kontakt<\/h2>\n<p>Telefon: +49 (0) 89 82005017 Telefax: +49 (0) 89 82005018 E-Mail: info@secuscan.com<\/p>\n<h2>Umsatzsteuer-ID<\/h2>\n<p>Umsatzsteuer-Identifikationsnummer gem\u00e4\u00df \u00a7 27 a Umsatzsteuergesetz: DE262904352<\/p>\n<h2>Verbraucher\u00adstreit\u00adbeilegung\/Universal\u00adschlichtungs\u00adstelle<\/h2>\n<p>Wir sind nicht bereit oder verpflichtet, an Streitbeilegungsverfahren vor einer Verbraucherschlichtungsstelle teilzunehmen.<\/p>\n<h3>Haftung f\u00fcr Inhalte<\/h3>\n<p>Als Diensteanbieter sind wir gem\u00e4\u00df \u00a7 7 Abs.1 TMG f\u00fcr eigene Inhalte auf diesen Seiten nach den allgemeinen Gesetzen verantwortlich. Nach \u00a7\u00a7 8 bis 10 TMG sind wir als Diensteanbieter jedoch nicht verpflichtet, \u00fcbermittelte oder gespeicherte fremde Informationen zu \u00fcberwachen oder nach Umst\u00e4nden zu forschen, die auf eine rechtswidrige T\u00e4tigkeit hinweisen. Verpflichtungen zur Entfernung oder Sperrung der Nutzung von Informationen nach den allgemeinen Gesetzen bleiben hiervon unber\u00fchrt. Eine diesbez\u00fcgliche Haftung ist jedoch erst ab dem Zeitpunkt der Kenntnis einer konkreten Rechtsverletzung m\u00f6glich. Bei Bekanntwerden von entsprechenden Rechtsverletzungen werden wir diese Inhalte umgehend entfernen.<\/p>\n<h3>Haftung f\u00fcr Links<\/h3>\n<p>Unser Angebot enth\u00e4lt Links zu externen Websites Dritter, auf deren Inhalte wir keinen Einfluss haben. Deshalb k\u00f6nnen wir f\u00fcr diese fremden Inhalte auch keine Gew\u00e4hr \u00fcbernehmen. F\u00fcr die Inhalte der verlinkten Seiten ist stets der jeweilige Anbieter oder Betreiber der Seiten verantwortlich. Die verlinkten Seiten wurden zum Zeitpunkt der Verlinkung auf m\u00f6gliche Rechtsverst\u00f6\u00dfe \u00fcberpr\u00fcft. Rechtswidrige Inhalte waren zum Zeitpunkt der Verlinkung nicht erkennbar. Eine permanente inhaltliche Kontrolle der verlinkten Seiten ist jedoch ohne konkrete Anhaltspunkte einer Rechtsverletzung nicht zumutbar. Bei Bekanntwerden von Rechtsverletzungen werden wir derartige Links umgehend entfernen.<\/p>\n<h3>Urheberrecht<\/h3>\n<p>Die durch die Seitenbetreiber erstellten Inhalte und Werke auf diesen Seiten unterliegen dem deutschen Urheberrecht. Die Vervielf\u00e4ltigung, Bearbeitung, Verbreitung und jede Art der Verwertung au\u00dferhalb der Grenzen des Urheberrechtes bed\u00fcrfen der schriftlichen Zustimmung des jeweiligen Autors bzw. Erstellers. Downloads und Kopien dieser Seite sind nur f\u00fcr den privaten, nicht kommerziellen Gebrauch gestattet. Soweit die Inhalte auf dieser Seite nicht vom Betreiber erstellt wurden, werden die Urheberrechte Dritter beachtet. Insbesondere werden Inhalte Dritter als solche gekennzeichnet. Sollten Sie trotzdem auf eine Urheberrechtsverletzung aufmerksam werden, bitten wir um einen entsprechenden Hinweis. Bei Bekanntwerden von Rechtsverletzungen werden wir derartige Inhalte umgehend entfernen. Quelle: <a href=\"https:\/\/www.e-recht24.de\">eRecht24<\/a><\/p>\n<p>[\/et_pb_text][\/et_pb_column][\/et_pb_row][\/et_pb_section]<\/p>\n","protected":false},"excerpt":{"rendered":"<p>Impressum \u00a9 Copyright 2025 KTG GmbH, Marschnerstra\u00dfe 18, 81245 M\u00fcnchen, Deutschland Angaben gem\u00e4\u00df \u00a7 5 TMG KTG GmbH Marschnerstra\u00dfe 18 D-81245 M\u00fcnchen Handelsregister: HRB 143641 Registergericht: Amtsgericht M\u00fcnchen Vertreten durch: Thomas Gindl Kontakt Telefon: +49 (0) 89 82005017 Telefax: +49 (0) 89 82005018 E-Mail: info@secuscan.com Umsatzsteuer-ID Umsatzsteuer-Identifikationsnummer gem\u00e4\u00df \u00a7 27 a Umsatzsteuergesetz: DE262904352 Verbraucher\u00adstreit\u00adbeilegung\/Universal\u00adschlichtungs\u00adstelle Wir [&hellip;]<\/p>\n","protected":false},"author":1,"featured_media":0,"parent":0,"menu_order":0,"comment_status":"closed","ping_status":"closed","template":"","meta":{"_et_pb_use_builder":"on","_et_pb_old_content":"","_et_gb_content_width":"","footnotes":""},"class_list":["post-1443","page","type-page","status-publish","hentry"],"yoast_head":"<!-- This site is optimized with the Yoast SEO plugin v26.9 - https:\/\/yoast.com\/product\/yoast-seo-wordpress\/ -->\n<title>Impressum - SECUSCAN<\/title>\n<meta name=\"robots\" content=\"index, follow, max-snippet:-1, max-image-preview:large, max-video-preview:-1\" \/>\n<link rel=\"canonical\" href=\"https:\/\/www.secuscan.com\/de\/impressum\/\" \/>\n<meta property=\"og:locale\" content=\"de_DE\" \/>\n<meta property=\"og:type\" content=\"article\" \/>\n<meta property=\"og:title\" content=\"Impressum - SECUSCAN\" \/>\n<meta property=\"og:description\" content=\"Impressum \u00a9 Copyright 2025 KTG GmbH, Marschnerstra\u00dfe 18, 81245 M\u00fcnchen, Deutschland Angaben gem\u00e4\u00df \u00a7 5 TMG KTG GmbH Marschnerstra\u00dfe 18 D-81245 M\u00fcnchen Handelsregister: HRB 143641 Registergericht: Amtsgericht M\u00fcnchen Vertreten durch: Thomas Gindl Kontakt Telefon: +49 (0) 89 82005017 Telefax: +49 (0) 89 82005018 E-Mail: info@secuscan.com Umsatzsteuer-ID Umsatzsteuer-Identifikationsnummer gem\u00e4\u00df \u00a7 27 a Umsatzsteuergesetz: DE262904352 Verbraucher\u00adstreit\u00adbeilegung\/Universal\u00adschlichtungs\u00adstelle Wir [&hellip;]\" \/>\n<meta property=\"og:url\" content=\"https:\/\/www.secuscan.com\/de\/impressum\/\" \/>\n<meta property=\"og:site_name\" content=\"SECUSCAN\" \/>\n<meta property=\"article:modified_time\" content=\"2025-06-30T10:50:42+00:00\" \/>\n<meta name=\"twitter:card\" content=\"summary_large_image\" \/>\n<meta name=\"twitter:label1\" content=\"Gesch\u00e4tzte Lesezeit\" \/>\n\t<meta name=\"twitter:data1\" content=\"2\u00a0Minuten\" \/>\n<script type=\"application\/ld+json\" class=\"yoast-schema-graph\">{\"@context\":\"https:\/\/schema.org\",\"@graph\":[{\"@type\":\"WebPage\",\"@id\":\"https:\/\/www.secuscan.com\/de\/impressum\/\",\"url\":\"https:\/\/www.secuscan.com\/de\/impressum\/\",\"name\":\"Impressum - SECUSCAN\",\"isPartOf\":{\"@id\":\"https:\/\/www.secuscan.com\/de\/#website\"},\"datePublished\":\"2020-03-03T08:16:51+00:00\",\"dateModified\":\"2025-06-30T10:50:42+00:00\",\"breadcrumb\":{\"@id\":\"https:\/\/www.secuscan.com\/de\/impressum\/#breadcrumb\"},\"inLanguage\":\"de\",\"potentialAction\":[{\"@type\":\"ReadAction\",\"target\":[\"https:\/\/www.secuscan.com\/de\/impressum\/\"]}]},{\"@type\":\"BreadcrumbList\",\"@id\":\"https:\/\/www.secuscan.com\/de\/impressum\/#breadcrumb\",\"itemListElement\":[{\"@type\":\"ListItem\",\"position\":1,\"name\":\"Home\",\"item\":\"https:\/\/www.secuscan.com\/de\/\"},{\"@type\":\"ListItem\",\"position\":2,\"name\":\"Impressum\"}]},{\"@type\":\"WebSite\",\"@id\":\"https:\/\/www.secuscan.com\/de\/#website\",\"url\":\"https:\/\/www.secuscan.com\/de\/\",\"name\":\"SECUSCAN\",\"description\":\"UNDER VEHICLE INSPECTION SYSTEM\",\"publisher\":{\"@id\":\"https:\/\/www.secuscan.com\/de\/#organization\"},\"potentialAction\":[{\"@type\":\"SearchAction\",\"target\":{\"@type\":\"EntryPoint\",\"urlTemplate\":\"https:\/\/www.secuscan.com\/de\/?s={search_term_string}\"},\"query-input\":{\"@type\":\"PropertyValueSpecification\",\"valueRequired\":true,\"valueName\":\"search_term_string\"}}],\"inLanguage\":\"de\"},{\"@type\":\"Organization\",\"@id\":\"https:\/\/www.secuscan.com\/de\/#organization\",\"name\":\"SecuScan\",\"url\":\"https:\/\/www.secuscan.com\/de\/\",\"logo\":{\"@type\":\"ImageObject\",\"inLanguage\":\"de\",\"@id\":\"https:\/\/www.secuscan.com\/de\/#\/schema\/logo\/image\/\",\"url\":\"https:\/\/www.secuscan.com\/wp-content\/uploads\/2020\/01\/secuscan-logo.png\",\"contentUrl\":\"https:\/\/www.secuscan.com\/wp-content\/uploads\/2020\/01\/secuscan-logo.png\",\"width\":241,\"height\":54,\"caption\":\"SecuScan\"},\"image\":{\"@id\":\"https:\/\/www.secuscan.com\/de\/#\/schema\/logo\/image\/\"}}]}<\/script>\n<!-- \/ Yoast SEO plugin. -->","yoast_head_json":{"title":"Impressum - SECUSCAN","robots":{"index":"index","follow":"follow","max-snippet":"max-snippet:-1","max-image-preview":"max-image-preview:large","max-video-preview":"max-video-preview:-1"},"canonical":"https:\/\/www.secuscan.com\/de\/impressum\/","og_locale":"de_DE","og_type":"article","og_title":"Impressum - SECUSCAN","og_description":"Impressum \u00a9 Copyright 2025 KTG GmbH, Marschnerstra\u00dfe 18, 81245 M\u00fcnchen, Deutschland Angaben gem\u00e4\u00df \u00a7 5 TMG KTG GmbH Marschnerstra\u00dfe 18 D-81245 M\u00fcnchen Handelsregister: HRB 143641 Registergericht: Amtsgericht M\u00fcnchen Vertreten durch: Thomas Gindl Kontakt Telefon: +49 (0) 89 82005017 Telefax: +49 (0) 89 82005018 E-Mail: info@secuscan.com Umsatzsteuer-ID Umsatzsteuer-Identifikationsnummer gem\u00e4\u00df \u00a7 27 a Umsatzsteuergesetz: DE262904352 Verbraucher\u00adstreit\u00adbeilegung\/Universal\u00adschlichtungs\u00adstelle Wir [&hellip;]","og_url":"https:\/\/www.secuscan.com\/de\/impressum\/","og_site_name":"SECUSCAN","article_modified_time":"2025-06-30T10:50:42+00:00","twitter_card":"summary_large_image","twitter_misc":{"Gesch\u00e4tzte Lesezeit":"2\u00a0Minuten"},"schema":{"@context":"https:\/\/schema.org","@graph":[{"@type":"WebPage","@id":"https:\/\/www.secuscan.com\/de\/impressum\/","url":"https:\/\/www.secuscan.com\/de\/impressum\/","name":"Impressum - SECUSCAN","isPartOf":{"@id":"https:\/\/www.secuscan.com\/de\/#website"},"datePublished":"2020-03-03T08:16:51+00:00","dateModified":"2025-06-30T10:50:42+00:00","breadcrumb":{"@id":"https:\/\/www.secuscan.com\/de\/impressum\/#breadcrumb"},"inLanguage":"de","potentialAction":[{"@type":"ReadAction","target":["https:\/\/www.secuscan.com\/de\/impressum\/"]}]},{"@type":"BreadcrumbList","@id":"https:\/\/www.secuscan.com\/de\/impressum\/#breadcrumb","itemListElement":[{"@type":"ListItem","position":1,"name":"Home","item":"https:\/\/www.secuscan.com\/de\/"},{"@type":"ListItem","position":2,"name":"Impressum"}]},{"@type":"WebSite","@id":"https:\/\/www.secuscan.com\/de\/#website","url":"https:\/\/www.secuscan.com\/de\/","name":"SECUSCAN","description":"UNDER VEHICLE INSPECTION SYSTEM","publisher":{"@id":"https:\/\/www.secuscan.com\/de\/#organization"},"potentialAction":[{"@type":"SearchAction","target":{"@type":"EntryPoint","urlTemplate":"https:\/\/www.secuscan.com\/de\/?s={search_term_string}"},"query-input":{"@type":"PropertyValueSpecification","valueRequired":true,"valueName":"search_term_string"}}],"inLanguage":"de"},{"@type":"Organization","@id":"https:\/\/www.secuscan.com\/de\/#organization","name":"SecuScan","url":"https:\/\/www.secuscan.com\/de\/","logo":{"@type":"ImageObject","inLanguage":"de","@id":"https:\/\/www.secuscan.com\/de\/#\/schema\/logo\/image\/","url":"https:\/\/www.secuscan.com\/wp-content\/uploads\/2020\/01\/secuscan-logo.png","contentUrl":"https:\/\/www.secuscan.com\/wp-content\/uploads\/2020\/01\/secuscan-logo.png","width":241,"height":54,"caption":"SecuScan"},"image":{"@id":"https:\/\/www.secuscan.com\/de\/#\/schema\/logo\/image\/"}}]}},"_links":{"self":[{"href":"https:\/\/www.secuscan.com\/de\/wp-json\/wp\/v2\/pages\/1443","targetHints":{"allow":["GET"]}}],"collection":[{"href":"https:\/\/www.secuscan.com\/de\/wp-json\/wp\/v2\/pages"}],"about":[{"href":"https:\/\/www.secuscan.com\/de\/wp-json\/wp\/v2\/types\/page"}],"author":[{"embeddable":true,"href":"https:\/\/www.secuscan.com\/de\/wp-json\/wp\/v2\/users\/1"}],"replies":[{"embeddable":true,"href":"https:\/\/www.secuscan.com\/de\/wp-json\/wp\/v2\/comments?post=1443"}],"version-history":[{"count":2,"href":"https:\/\/www.secuscan.com\/de\/wp-json\/wp\/v2\/pages\/1443\/revisions"}],"predecessor-version":[{"id":1929,"href":"https:\/\/www.secuscan.com\/de\/wp-json\/wp\/v2\/pages\/1443\/revisions\/1929"}],"wp:attachment":[{"href":"https:\/\/www.secuscan.com\/de\/wp-json\/wp\/v2\/media?parent=1443"}],"curies":[{"name":"wp","href":"https:\/\/api.w.org\/{rel}","templated":true}]}}