{"id":1445,"date":"2020-03-04T09:58:22","date_gmt":"2020-03-04T09:58:22","guid":{"rendered":"https:\/\/www.secuscan.com\/produkte\/optionen\/"},"modified":"2025-07-04T10:31:23","modified_gmt":"2025-07-04T09:31:23","slug":"optionen","status":"publish","type":"page","link":"https:\/\/www.secuscan.com\/de\/produkte\/optionen\/","title":{"rendered":"Optionen"},"content":{"rendered":"<p>[et_pb_section fb_built=&#8220;1&#8243; _builder_version=&#8220;4.16&#8243; global_colors_info=&#8220;{}&#8220;][et_pb_row column_structure=&#8220;1_3,1_3,1_3&#8243; use_custom_gutter=&#8220;on&#8220; gutter_width=&#8220;1&#8243; make_equal=&#8220;on&#8220; _builder_version=&#8220;4.16&#8243; background_enable_color=&#8220;off&#8220; background_size=&#8220;initial&#8220; background_position=&#8220;top_left&#8220; background_repeat=&#8220;repeat&#8220; module_alignment=&#8220;center&#8220; custom_margin=&#8220;0px|0px|0px|0px|false|false&#8220; custom_padding=&#8220;0px|0px|0px|0px|true|true&#8220; locked=&#8220;off&#8220; global_colors_info=&#8220;{}&#8220;][et_pb_column type=&#8220;1_3&#8243; _builder_version=&#8220;4.16&#8243; background_color=&#8220;#9c9e9e&#8220; custom_padding=&#8220;50px|50px||50px|false|false&#8220; global_colors_info=&#8220;{}&#8220; custom_padding__hover=&#8220;|||&#8220;][et_pb_blurb title=&#8220;SecuScan\u00ae Automatisches Nummernschild-Erkennungssystem (ANPR)&#8220; image=&#8220;https:\/\/www.secuscan.com\/wp-content\/uploads\/2020\/01\/icon-number-plate.png&#8220; alt=&#8220;Symbol: Automatisches Nummernschild-Erkennungssystem (ANPR)&#8220; image_icon_width=&#8220;70%&#8220; _builder_version=&#8220;4.27.4&#8243; background_color=&#8220;rgba(0,0,0,0)&#8220; link_option_url=&#8220;https:\/\/www.secuscan.com\/de\/system\/kennzeichenerkennungssystem\/&#8220; hover_enabled=&#8220;0&#8243; image_max_width=&#8220;70%&#8220; global_colors_info=&#8220;{}&#8220; header_level=&#8220;h2&#8243; header_font_size=&#8220;22px&#8220; sticky_enabled=&#8220;0&#8243;]<\/p>\n<p class=\"p2\">Der <span class=\"s2\">SecuScan\u00ae<\/span> Automatic Number Plate Recognition (ANPR) dekodiert alle Arten von Kfz-Kennzeichen mit hoher Geschwindigkeit und Pr\u00e4zision.<\/p>\n<p>[\/et_pb_blurb][\/et_pb_column][et_pb_column type=&#8220;1_3&#8243; _builder_version=&#8220;4.16&#8243; background_color=&#8220;#bfc1c1&#8243; custom_padding=&#8220;50px|50px||50px|false|true&#8220; global_colors_info=&#8220;{}&#8220; custom_padding__hover=&#8220;|||&#8220;][et_pb_blurb title=&#8220;SecuScan\u00ae Treiber-Kamera&#8220; image=&#8220;https:\/\/www.secuscan.com\/wp-content\/uploads\/2020\/01\/icon-driver-cam.png&#8220; alt=&#8220;Symbol: Fahrerkamera&#8220; image_icon_width=&#8220;70%&#8220; _builder_version=&#8220;4.27.4&#8243; background_color=&#8220;rgba(0,0,0,0)&#8220; link_option_url=&#8220;https:\/\/www.secuscan.com\/de\/system\/driver-camera\/&#8220; hover_enabled=&#8220;0&#8243; image_max_width=&#8220;70%&#8220; global_colors_info=&#8220;{}&#8220; header_level=&#8220;h2&#8243; header_font_size=&#8220;22px&#8220; sticky_enabled=&#8220;0&#8243;]<\/p>\n<p class=\"p2\"><span class=\"s2\">SecuScan\u00ae<\/span> bietet verschiedene L\u00f6sungen an, um ein Bild des Treibers zu erstellen.<\/p>\n<p>[\/et_pb_blurb][\/et_pb_column][et_pb_column type=&#8220;1_3&#8243; _builder_version=&#8220;4.16&#8243; background_color=&#8220;#919494&#8243; custom_padding=&#8220;50px|50px|50px|50px|false|true&#8220; global_colors_info=&#8220;{}&#8220; custom_padding__hover=&#8220;|||&#8220;][et_pb_blurb title=&#8220;SecuScan\u00ae Tatort-Kamera&#8220; image=&#8220;https:\/\/www.secuscan.com\/wp-content\/uploads\/2020\/01\/icon-scene-cam.png&#8220; alt=&#8220;Symbol: Tatort Kamera&#8220; image_icon_width=&#8220;70%&#8220; _builder_version=&#8220;4.27.4&#8243; background_color=&#8220;rgba(0,0,0,0)&#8220; link_option_url=&#8220;https:\/\/www.secuscan.com\/de\/system\/scene-camera\/&#8220; hover_enabled=&#8220;0&#8243; image_max_width=&#8220;70%&#8220; global_colors_info=&#8220;{}&#8220; header_level=&#8220;h2&#8243; header_font_size=&#8220;22px&#8220; sticky_enabled=&#8220;0&#8243;]<\/p>\n<p class=\"p2\">Die integrierte <span class=\"s2\">SecuScan\u00ae<\/span> Scene Camera erstellt z.B. ein Foto des Fahrzeugs in der Draufsicht w\u00e4hrend der Fahrt durch den Kontrollbereich. Mit dieser L\u00f6sung kann der Bediener das Dach von Lastwagen und anderen Fahrzeugen auf Kontrab\u00e4nder und unbefugte Personen \u00fcberpr\u00fcfen, die versuchen, sich zu verstecken. <\/p>\n<p>[\/et_pb_blurb][\/et_pb_column][\/et_pb_row][\/et_pb_section]<\/p>\n","protected":false},"excerpt":{"rendered":"<p>Der SecuScan\u00ae Automatic Number Plate Recognition (ANPR) dekodiert alle Arten von Kfz-Kennzeichen mit hoher Geschwindigkeit und Pr\u00e4zision.SecuScan\u00ae bietet verschiedene L\u00f6sungen an, um ein Bild des Treibers zu erstellen.Die integrierte SecuScan\u00ae Scene Camera erstellt z.B. ein Foto des Fahrzeugs in der Draufsicht w\u00e4hrend der Fahrt durch den Kontrollbereich. Mit dieser L\u00f6sung kann der Bediener das Dach [&hellip;]<\/p>\n","protected":false},"author":1,"featured_media":0,"parent":1374,"menu_order":0,"comment_status":"closed","ping_status":"closed","template":"","meta":{"_et_pb_use_builder":"on","_et_pb_old_content":"","_et_gb_content_width":"","footnotes":""},"class_list":["post-1445","page","type-page","status-publish","hentry"],"yoast_head":"<!-- This site is optimized with the Yoast SEO plugin v26.9 - https:\/\/yoast.com\/product\/yoast-seo-wordpress\/ -->\n<title>Optionen - SECUSCAN<\/title>\n<meta name=\"description\" content=\"Wie Sie Ihre Zugangskontrolle sicherer machen k\u00f6nnen. ANPR - Tatortkamera - Fahrerkamera - Automatische Erkennung fremder Objekte. Entdecken Sie unsere SecuScan\u00ae Optionen\" \/>\n<meta name=\"robots\" content=\"index, follow, max-snippet:-1, max-image-preview:large, max-video-preview:-1\" \/>\n<link rel=\"canonical\" href=\"https:\/\/www.secuscan.com\/de\/produkte\/optionen\/\" \/>\n<meta property=\"og:locale\" content=\"de_DE\" \/>\n<meta property=\"og:type\" content=\"article\" \/>\n<meta property=\"og:title\" content=\"Optionen - SECUSCAN\" \/>\n<meta property=\"og:description\" content=\"Wie Sie Ihre Zugangskontrolle sicherer machen k\u00f6nnen. ANPR - Tatortkamera - Fahrerkamera - Automatische Erkennung fremder Objekte. Entdecken Sie unsere SecuScan\u00ae Optionen\" \/>\n<meta property=\"og:url\" content=\"https:\/\/www.secuscan.com\/de\/produkte\/optionen\/\" \/>\n<meta property=\"og:site_name\" content=\"SECUSCAN\" \/>\n<meta property=\"article:modified_time\" content=\"2025-07-04T09:31:23+00:00\" \/>\n<meta name=\"twitter:card\" content=\"summary_large_image\" \/>\n<meta name=\"twitter:label1\" content=\"Gesch\u00e4tzte Lesezeit\" \/>\n\t<meta name=\"twitter:data1\" content=\"2\u00a0Minuten\" \/>\n<script type=\"application\/ld+json\" class=\"yoast-schema-graph\">{\"@context\":\"https:\/\/schema.org\",\"@graph\":[{\"@type\":\"WebPage\",\"@id\":\"https:\/\/www.secuscan.com\/de\/produkte\/optionen\/\",\"url\":\"https:\/\/www.secuscan.com\/de\/produkte\/optionen\/\",\"name\":\"Optionen - SECUSCAN\",\"isPartOf\":{\"@id\":\"https:\/\/www.secuscan.com\/de\/#website\"},\"datePublished\":\"2020-03-04T09:58:22+00:00\",\"dateModified\":\"2025-07-04T09:31:23+00:00\",\"description\":\"Wie Sie Ihre Zugangskontrolle sicherer machen k\u00f6nnen. ANPR - Tatortkamera - Fahrerkamera - Automatische Erkennung fremder Objekte. Entdecken Sie unsere SecuScan\u00ae Optionen\",\"breadcrumb\":{\"@id\":\"https:\/\/www.secuscan.com\/de\/produkte\/optionen\/#breadcrumb\"},\"inLanguage\":\"de\",\"potentialAction\":[{\"@type\":\"ReadAction\",\"target\":[\"https:\/\/www.secuscan.com\/de\/produkte\/optionen\/\"]}]},{\"@type\":\"BreadcrumbList\",\"@id\":\"https:\/\/www.secuscan.com\/de\/produkte\/optionen\/#breadcrumb\",\"itemListElement\":[{\"@type\":\"ListItem\",\"position\":1,\"name\":\"Home\",\"item\":\"https:\/\/www.secuscan.com\/de\/\"},{\"@type\":\"ListItem\",\"position\":2,\"name\":\"Produkte\",\"item\":\"https:\/\/www.secuscan.com\/de\/products\/\"},{\"@type\":\"ListItem\",\"position\":3,\"name\":\"Optionen\"}]},{\"@type\":\"WebSite\",\"@id\":\"https:\/\/www.secuscan.com\/de\/#website\",\"url\":\"https:\/\/www.secuscan.com\/de\/\",\"name\":\"SECUSCAN\",\"description\":\"UNDER VEHICLE INSPECTION SYSTEM\",\"publisher\":{\"@id\":\"https:\/\/www.secuscan.com\/de\/#organization\"},\"potentialAction\":[{\"@type\":\"SearchAction\",\"target\":{\"@type\":\"EntryPoint\",\"urlTemplate\":\"https:\/\/www.secuscan.com\/de\/?s={search_term_string}\"},\"query-input\":{\"@type\":\"PropertyValueSpecification\",\"valueRequired\":true,\"valueName\":\"search_term_string\"}}],\"inLanguage\":\"de\"},{\"@type\":\"Organization\",\"@id\":\"https:\/\/www.secuscan.com\/de\/#organization\",\"name\":\"SecuScan\",\"url\":\"https:\/\/www.secuscan.com\/de\/\",\"logo\":{\"@type\":\"ImageObject\",\"inLanguage\":\"de\",\"@id\":\"https:\/\/www.secuscan.com\/de\/#\/schema\/logo\/image\/\",\"url\":\"https:\/\/www.secuscan.com\/wp-content\/uploads\/2020\/01\/secuscan-logo.png\",\"contentUrl\":\"https:\/\/www.secuscan.com\/wp-content\/uploads\/2020\/01\/secuscan-logo.png\",\"width\":241,\"height\":54,\"caption\":\"SecuScan\"},\"image\":{\"@id\":\"https:\/\/www.secuscan.com\/de\/#\/schema\/logo\/image\/\"}}]}<\/script>\n<!-- \/ Yoast SEO plugin. -->","yoast_head_json":{"title":"Optionen - SECUSCAN","description":"Wie Sie Ihre Zugangskontrolle sicherer machen k\u00f6nnen. ANPR - Tatortkamera - Fahrerkamera - Automatische Erkennung fremder Objekte. Entdecken Sie unsere SecuScan\u00ae Optionen","robots":{"index":"index","follow":"follow","max-snippet":"max-snippet:-1","max-image-preview":"max-image-preview:large","max-video-preview":"max-video-preview:-1"},"canonical":"https:\/\/www.secuscan.com\/de\/produkte\/optionen\/","og_locale":"de_DE","og_type":"article","og_title":"Optionen - SECUSCAN","og_description":"Wie Sie Ihre Zugangskontrolle sicherer machen k\u00f6nnen. ANPR - Tatortkamera - Fahrerkamera - Automatische Erkennung fremder Objekte. Entdecken Sie unsere SecuScan\u00ae Optionen","og_url":"https:\/\/www.secuscan.com\/de\/produkte\/optionen\/","og_site_name":"SECUSCAN","article_modified_time":"2025-07-04T09:31:23+00:00","twitter_card":"summary_large_image","twitter_misc":{"Gesch\u00e4tzte Lesezeit":"2\u00a0Minuten"},"schema":{"@context":"https:\/\/schema.org","@graph":[{"@type":"WebPage","@id":"https:\/\/www.secuscan.com\/de\/produkte\/optionen\/","url":"https:\/\/www.secuscan.com\/de\/produkte\/optionen\/","name":"Optionen - SECUSCAN","isPartOf":{"@id":"https:\/\/www.secuscan.com\/de\/#website"},"datePublished":"2020-03-04T09:58:22+00:00","dateModified":"2025-07-04T09:31:23+00:00","description":"Wie Sie Ihre Zugangskontrolle sicherer machen k\u00f6nnen. ANPR - Tatortkamera - Fahrerkamera - Automatische Erkennung fremder Objekte. Entdecken Sie unsere SecuScan\u00ae Optionen","breadcrumb":{"@id":"https:\/\/www.secuscan.com\/de\/produkte\/optionen\/#breadcrumb"},"inLanguage":"de","potentialAction":[{"@type":"ReadAction","target":["https:\/\/www.secuscan.com\/de\/produkte\/optionen\/"]}]},{"@type":"BreadcrumbList","@id":"https:\/\/www.secuscan.com\/de\/produkte\/optionen\/#breadcrumb","itemListElement":[{"@type":"ListItem","position":1,"name":"Home","item":"https:\/\/www.secuscan.com\/de\/"},{"@type":"ListItem","position":2,"name":"Produkte","item":"https:\/\/www.secuscan.com\/de\/products\/"},{"@type":"ListItem","position":3,"name":"Optionen"}]},{"@type":"WebSite","@id":"https:\/\/www.secuscan.com\/de\/#website","url":"https:\/\/www.secuscan.com\/de\/","name":"SECUSCAN","description":"UNDER VEHICLE INSPECTION SYSTEM","publisher":{"@id":"https:\/\/www.secuscan.com\/de\/#organization"},"potentialAction":[{"@type":"SearchAction","target":{"@type":"EntryPoint","urlTemplate":"https:\/\/www.secuscan.com\/de\/?s={search_term_string}"},"query-input":{"@type":"PropertyValueSpecification","valueRequired":true,"valueName":"search_term_string"}}],"inLanguage":"de"},{"@type":"Organization","@id":"https:\/\/www.secuscan.com\/de\/#organization","name":"SecuScan","url":"https:\/\/www.secuscan.com\/de\/","logo":{"@type":"ImageObject","inLanguage":"de","@id":"https:\/\/www.secuscan.com\/de\/#\/schema\/logo\/image\/","url":"https:\/\/www.secuscan.com\/wp-content\/uploads\/2020\/01\/secuscan-logo.png","contentUrl":"https:\/\/www.secuscan.com\/wp-content\/uploads\/2020\/01\/secuscan-logo.png","width":241,"height":54,"caption":"SecuScan"},"image":{"@id":"https:\/\/www.secuscan.com\/de\/#\/schema\/logo\/image\/"}}]}},"_links":{"self":[{"href":"https:\/\/www.secuscan.com\/de\/wp-json\/wp\/v2\/pages\/1445","targetHints":{"allow":["GET"]}}],"collection":[{"href":"https:\/\/www.secuscan.com\/de\/wp-json\/wp\/v2\/pages"}],"about":[{"href":"https:\/\/www.secuscan.com\/de\/wp-json\/wp\/v2\/types\/page"}],"author":[{"embeddable":true,"href":"https:\/\/www.secuscan.com\/de\/wp-json\/wp\/v2\/users\/1"}],"replies":[{"embeddable":true,"href":"https:\/\/www.secuscan.com\/de\/wp-json\/wp\/v2\/comments?post=1445"}],"version-history":[{"count":3,"href":"https:\/\/www.secuscan.com\/de\/wp-json\/wp\/v2\/pages\/1445\/revisions"}],"predecessor-version":[{"id":2051,"href":"https:\/\/www.secuscan.com\/de\/wp-json\/wp\/v2\/pages\/1445\/revisions\/2051"}],"up":[{"embeddable":true,"href":"https:\/\/www.secuscan.com\/de\/wp-json\/wp\/v2\/pages\/1374"}],"wp:attachment":[{"href":"https:\/\/www.secuscan.com\/de\/wp-json\/wp\/v2\/media?parent=1445"}],"curies":[{"name":"wp","href":"https:\/\/api.w.org\/{rel}","templated":true}]}}