{"id":1762,"date":"2020-08-13T09:14:06","date_gmt":"2020-08-13T09:14:06","guid":{"rendered":"https:\/\/www.secuscan.com\/stellenangebot-softwareentwicklerin\/"},"modified":"2025-07-04T10:33:43","modified_gmt":"2025-07-04T09:33:43","slug":"stellenangebot-softwareentwicklerin","status":"publish","type":"page","link":"https:\/\/www.secuscan.com\/de\/stellenangebot-softwareentwicklerin\/","title":{"rendered":"Stellenangebot Softwareentwickler:In"},"content":{"rendered":"<p>[et_pb_section fb_built=&#8220;1&#8243; _builder_version=&#8220;4.16&#8243; global_colors_info=&#8220;{}&#8220;][et_pb_row _builder_version=&#8220;4.16&#8243; _module_preset=&#8220;default&#8220; global_colors_info=&#8220;{}&#8220;][et_pb_column type=&#8220;4_4&#8243; _builder_version=&#8220;4.16&#8243; _module_preset=&#8220;default&#8220; global_colors_info=&#8220;{}&#8220;][et_pb_image src=&#8220;https:\/\/www.secuscan.com\/wp-content\/uploads\/2020\/08\/woman-3597101_1280.jpg&#8220; alt=&#8220;Woman with glasses in which lines of code are reflected&#8220; title_text=&#8220;woman-3597101_1280&#8243; align=&#8220;center&#8220; force_fullwidth=&#8220;on&#8220; _builder_version=&#8220;4.27.4&#8243; _module_preset=&#8220;default&#8220; global_colors_info=&#8220;{}&#8220;][\/et_pb_image][et_pb_text _builder_version=&#8220;4.16&#8243; _module_preset=&#8220;default&#8220; global_colors_info=&#8220;{}&#8220;]<\/p>\n<h1>Stellenangebot<\/h1>\n<p>Seit 2001 entwickelt SecuScan\u00ae kundenspezifische L\u00f6sungen f\u00fcr die Fahrzeugkontrolle an Ein- und Ausfahrten von milit\u00e4rischen und zivilen Hochsicherheitsbereichen. Als Innovationsf\u00fchrer auf diesem Gebiet wird SecuScan\u00ae in \u00fcber 40 L\u00e4ndern erfolgreich eingesetzt und hat sich als leistungsf\u00e4higes Sicherheitssystem bew\u00e4hrt.<\/p>\n<p>SecuScan\u00ae setzt den Expansionskurs der letzten Jahre fort und sucht f\u00fcr den Standort M\u00fcnchen einen motivierten[\/et_pb_text][\/et_pb_column][\/et_pb_row][et_pb_row column_structure=&#8220;1_2,1_2&#8243; _builder_version=&#8220;4.16&#8243; background_size=&#8220;initial&#8220; background_position=&#8220;top_left&#8220; background_repeat=&#8220;repeat&#8220; global_colors_info=&#8220;{}&#8220;][et_pb_column type=&#8220;1_2&#8243; _builder_version=&#8220;4.16&#8243; custom_padding=&#8220;|||&#8220; global_colors_info=&#8220;{}&#8220; custom_padding__hover=&#8220;|||&#8220;][et_pb_text _builder_version=&#8220;4.16&#8243; background_size=&#8220;initial&#8220; background_position=&#8220;top_left&#8220; background_repeat=&#8220;repeat&#8220; global_colors_info=&#8220;{}&#8220;]<\/p>\n<h2>Fach\u00adinfor\u00admatiker \/ Soft\u00adware\u00adent\u00adwickler (m\/w\/d),<\/h2>\n<p>der zum Erfolg spannender Projekte im Hochsicherheitsbereich beitragen m\u00f6chte.<\/p>\n<p><strong>Ihre Aufgaben:<\/strong><\/p>\n<ul>\n<li>Neu- und Weiterentwicklung von Anwendungssoftware<\/li>\n<li>Planung, Durchf\u00fchrung und Dokumentation von IT-Projekten<\/li>\n<li>Entwicklung von technischen L\u00f6sungen, Qualit\u00e4tssicherung und Mitarbeit an neuen Konzepten sowie bei der Auswahl zukunftsweisender Technologien<\/li>\n<li>Verfolgung technologischer Entwicklungen und Pr\u00fcfung des sinnvollen Einsatzes in unseren Anwendungen<\/li>\n<\/ul>\n<p><strong>Ihr Profil:<\/strong><\/p>\n<ul>\n<li>Hoher Anspruch an Qualit\u00e4t<\/li>\n<li>Selbstst\u00e4ndige und eigenverantwortliche Arbeitsweise verbunden mit analytischem Denkverm\u00f6gen<\/li>\n<li>F\u00e4higkeit, sich in bestehende Anwendungen und Architekturen schnell einzuarbeiten<\/li>\n<li>Teamf\u00e4higkeit, \u00dcberzeugungskraft und Flexibilit\u00e4t<\/li>\n<li>gute Englischkenntnisse<\/li>\n<\/ul>\n<p><strong>Ihre Qualifikationen:<\/strong><\/p>\n<ul>\n<li>Abgeschlossene technische Ausbildung, Studium oder eine vergleichbare Qualifikation<\/li>\n<li>Erfahrung im Umgang mit LINUX, C \/ C++, Java, Shell-Programmierung, mySQL<\/li>\n<\/ul>\n<p><strong>Unser Angebot:<\/strong><br \/>SecuScan\u00ae bietet Ihnen eine interessante, herausfordernde T\u00e4tigkeit in einem dynamischen Familienunternehmen mit einer flachen Hierarchie:<\/p>\n<ul>\n<li>Attraktive Verg\u00fctung<\/li>\n<li>Unbefristete Festanstellung<\/li>\n<li>30 Tage Urlaub im Jahr<\/li>\n<li>Modernes, gro\u00dfz\u00fcgiges B\u00fcro und beste IT-Ausstattung<\/li>\n<li>Sehr gute Verkehrsanbindung (S-Bahn-Haltestelle 5 Gehminuten entfernt, kostenlose Mitarbeiterparkpl\u00e4tze)<\/li>\n<li>Anspruchsvolle und abwechslungsreiche Aufgabenstellungen<\/li>\n<li>Viele M\u00f6glichkeiten, eigene Ideen einzubringen<\/li>\n<\/ul>\n<p>&nbsp;<\/p>\n<p>&nbsp;<\/p>\n<p>&nbsp;<\/p>\n<p>(Foto: https:\/\/pixabay.com\/)[\/et_pb_text][\/et_pb_column][et_pb_column type=&#8220;1_2&#8243; _builder_version=&#8220;4.16&#8243; custom_padding=&#8220;|||&#8220; global_colors_info=&#8220;{}&#8220; custom_padding__hover=&#8220;|||&#8220;][et_pb_text _builder_version=&#8220;4.16&#8243; _module_preset=&#8220;default&#8220; global_colors_info=&#8220;{}&#8220;]<\/p>\n<h2>Elektroniker (m\/w\/d)<br \/>Elektromeister\/Elektrotechniker (m\/w\/d)<\/h2>\n<p><\/p>\n<p><strong>Aufgaben:<\/strong><\/p>\n<p><\/p>\n<ul>\n<li>Montagen von Baugruppen und Anlagen nach Zeichnungen und E-Pl\u00e4nen<\/li>\n<li>Anlagenvorbereitung f\u00fcr in-house Tests<\/li>\n<li>Fertigstellung elektrischer Verkabelungen an Baugruppen und Anlagen<\/li>\n<li>Bereitstellung notwendiger Anlagenteile nach St\u00fccklisten<\/li>\n<li>Dokumentation<\/li>\n<\/ul>\n<p><\/p>\n<p><strong>Profil:<\/strong><\/p>\n<p><\/p>\n<ul>\n<li>Abgeschlossene Ausbildung zum (Industrie-) Elektriker oder Mechatroniker<\/li>\n<li>Idealerweise Ausbildung zum Meister (Handwerk oder IHK) oder Techniker und einige Jahre Berufserfahrung<\/li>\n<li>Strukturierte, selbstst\u00e4ndige Arbeitsweise<\/li>\n<li>Gute Deutschkenntnisse<\/li>\n<li>Idealerweise PKW F\u00fchrerschein<\/li>\n<\/ul>\n<p><\/p>\n<p><strong>Ihre Vorteile:<\/strong><\/p>\n<p><\/p>\n<ul>\n<li>Innovatives Unternehmen mit flachen Hierarchien, das bereits seit 2001 auf dem Markt ist<\/li>\n<li>Unbefristeter Arbeitsvertrag bei einem zuverl\u00e4ssigen Arbeitgeber mit guten Aufstiegsm\u00f6glichkeiten<\/li>\n<li>Gleitzeitmodell<\/li>\n<li>Gesch\u00e4ftsf\u00fchrung, die Engagement w\u00fcnscht und wertsch\u00e4tzt<\/li>\n<\/ul>\n<p>[\/et_pb_text][et_pb_text disabled_on=&#8220;on|on|on&#8220; _builder_version=&#8220;4.16&#8243; _module_preset=&#8220;default&#8220; disabled=&#8220;on&#8220; global_colors_info=&#8220;{}&#8220;]<\/p>\n<h2><strong>Fertigungsmitarbeiter (m\/w\/d) in Vollzeit<\/strong><\/h2>\n<p><\/p>\n<p><strong>Ihre Aufgaben:<\/strong><\/p>\n<p><\/p>\n<ul>\n<li>Verkabelungsarbeiten<\/li>\n<li>Verdrahtungen<\/li>\n<li>L\u00f6tarbeiten<\/li>\n<\/ul>\n<p><\/p>\n<p><strong>Unser Angebot:<\/strong><br \/>SecuScan\u00ae bietet Ihnen eine interessante T\u00e4tigkeit in einem dynamischen Familienunternehmen mit einer flachen Hierarchie:<\/p>\n<p><\/p>\n<ul>\n<li>Unbefristete Festanstellung<\/li>\n<li>30 Tage Urlaub im Jahr<\/li>\n<li>Moderne Produktionsr\u00e4ume<\/li>\n<li>Sehr gute Verkehrsanbindung (S-Bahn-Haltestelle 5 Gehminuten entfernt, kostenlose Mitarbeiterparkpl\u00e4tze)<\/li>\n<\/ul>\n<p>[\/et_pb_text][\/et_pb_column][\/et_pb_row][et_pb_row _builder_version=&#8220;4.16&#8243; _module_preset=&#8220;default&#8220; global_colors_info=&#8220;{}&#8220;][et_pb_column type=&#8220;4_4&#8243; _builder_version=&#8220;4.16&#8243; _module_preset=&#8220;default&#8220; global_colors_info=&#8220;{}&#8220;][et_pb_text _builder_version=&#8220;4.16&#8243; _module_preset=&#8220;default&#8220; global_colors_info=&#8220;{}&#8220;]Bitte senden Sie uns Ihre aussagef\u00e4higen Bewerbungsunterlagen inklusive Ihrer Gehaltsvorstellung und eines m\u00f6glichen Eintrittstermins an:<\/p>\n<p><strong>SecuScan\u00ae<\/strong><br \/>ein Produkt der KTG GmbH<br \/>Bodenseestra\u00dfe 113<br \/>81243 M\u00fcnchen<\/p>\n<p><span style=\"color: #000000;\"><a style=\"color: #000000;\" href=\"mailto:job@secuscan.com\">job@secuscan.com<\/a><\/span><br \/>089\/82005017<br \/>www.secuscan.com<\/p>\n<p>Wir freuen uns auf Sie.[\/et_pb_text][\/et_pb_column][\/et_pb_row][\/et_pb_section]<\/p>\n","protected":false},"excerpt":{"rendered":"<p>StellenangebotSeit 2001 entwickelt SecuScan\u00ae kundenspezifische L\u00f6sungen f\u00fcr die Fahrzeugkontrolle an Ein- und Ausfahrten von milit\u00e4rischen und zivilen Hochsicherheitsbereichen. Als Innovationsf\u00fchrer auf diesem Gebiet wird SecuScan\u00ae in \u00fcber 40 L\u00e4ndern erfolgreich eingesetzt und hat sich als leistungsf\u00e4higes Sicherheitssystem bew\u00e4hrt.SecuScan\u00ae setzt den Expansionskurs der letzten Jahre fort und sucht f\u00fcr den Standort M\u00fcnchen einen motiviertenFach\u00adinfor\u00admatiker \/ Soft\u00adware\u00adent\u00adwickler [&hellip;]<\/p>\n","protected":false},"author":1,"featured_media":0,"parent":0,"menu_order":0,"comment_status":"closed","ping_status":"closed","template":"","meta":{"_et_pb_use_builder":"on","_et_pb_old_content":"","_et_gb_content_width":"","footnotes":""},"class_list":["post-1762","page","type-page","status-publish","hentry"],"yoast_head":"<!-- This site is optimized with the Yoast SEO plugin v26.9 - https:\/\/yoast.com\/product\/yoast-seo-wordpress\/ -->\n<title>Stellenangebot Softwareentwickler:In - SECUSCAN<\/title>\n<meta name=\"description\" content=\"Join SecuScan\u00ae in Munich as a Software Engineer: build mission\u2011critical vehicle security systems, collaborate in agile teams, C\/C++, Java, Linux.\" \/>\n<meta name=\"robots\" content=\"index, follow, max-snippet:-1, max-image-preview:large, max-video-preview:-1\" \/>\n<link rel=\"canonical\" href=\"https:\/\/www.secuscan.com\/de\/stellenangebot-softwareentwicklerin\/\" \/>\n<meta property=\"og:locale\" content=\"de_DE\" \/>\n<meta property=\"og:type\" content=\"article\" \/>\n<meta property=\"og:title\" content=\"Stellenangebot Softwareentwickler:In - SECUSCAN\" \/>\n<meta property=\"og:description\" content=\"Join SecuScan\u00ae in Munich as a Software Engineer: build mission\u2011critical vehicle security systems, collaborate in agile teams, C\/C++, Java, Linux.\" \/>\n<meta property=\"og:url\" content=\"https:\/\/www.secuscan.com\/de\/stellenangebot-softwareentwicklerin\/\" \/>\n<meta property=\"og:site_name\" content=\"SECUSCAN\" \/>\n<meta property=\"article:modified_time\" content=\"2025-07-04T09:33:43+00:00\" \/>\n<meta name=\"twitter:card\" content=\"summary_large_image\" \/>\n<meta name=\"twitter:label1\" content=\"Gesch\u00e4tzte Lesezeit\" \/>\n\t<meta name=\"twitter:data1\" content=\"3\u00a0Minuten\" \/>\n<script type=\"application\/ld+json\" class=\"yoast-schema-graph\">{\"@context\":\"https:\/\/schema.org\",\"@graph\":[{\"@type\":\"WebPage\",\"@id\":\"https:\/\/www.secuscan.com\/de\/stellenangebot-softwareentwicklerin\/\",\"url\":\"https:\/\/www.secuscan.com\/de\/stellenangebot-softwareentwicklerin\/\",\"name\":\"Stellenangebot Softwareentwickler:In - SECUSCAN\",\"isPartOf\":{\"@id\":\"https:\/\/www.secuscan.com\/de\/#website\"},\"datePublished\":\"2020-08-13T09:14:06+00:00\",\"dateModified\":\"2025-07-04T09:33:43+00:00\",\"description\":\"Join SecuScan\u00ae in Munich as a Software Engineer: build mission\u2011critical vehicle security systems, collaborate in agile teams, C\/C++, Java, Linux.\",\"breadcrumb\":{\"@id\":\"https:\/\/www.secuscan.com\/de\/stellenangebot-softwareentwicklerin\/#breadcrumb\"},\"inLanguage\":\"de\",\"potentialAction\":[{\"@type\":\"ReadAction\",\"target\":[\"https:\/\/www.secuscan.com\/de\/stellenangebot-softwareentwicklerin\/\"]}]},{\"@type\":\"BreadcrumbList\",\"@id\":\"https:\/\/www.secuscan.com\/de\/stellenangebot-softwareentwicklerin\/#breadcrumb\",\"itemListElement\":[{\"@type\":\"ListItem\",\"position\":1,\"name\":\"Home\",\"item\":\"https:\/\/www.secuscan.com\/de\/\"},{\"@type\":\"ListItem\",\"position\":2,\"name\":\"Stellenangebot Softwareentwickler:In\"}]},{\"@type\":\"WebSite\",\"@id\":\"https:\/\/www.secuscan.com\/de\/#website\",\"url\":\"https:\/\/www.secuscan.com\/de\/\",\"name\":\"SECUSCAN\",\"description\":\"UNDER VEHICLE INSPECTION SYSTEM\",\"publisher\":{\"@id\":\"https:\/\/www.secuscan.com\/de\/#organization\"},\"potentialAction\":[{\"@type\":\"SearchAction\",\"target\":{\"@type\":\"EntryPoint\",\"urlTemplate\":\"https:\/\/www.secuscan.com\/de\/?s={search_term_string}\"},\"query-input\":{\"@type\":\"PropertyValueSpecification\",\"valueRequired\":true,\"valueName\":\"search_term_string\"}}],\"inLanguage\":\"de\"},{\"@type\":\"Organization\",\"@id\":\"https:\/\/www.secuscan.com\/de\/#organization\",\"name\":\"SecuScan\",\"url\":\"https:\/\/www.secuscan.com\/de\/\",\"logo\":{\"@type\":\"ImageObject\",\"inLanguage\":\"de\",\"@id\":\"https:\/\/www.secuscan.com\/de\/#\/schema\/logo\/image\/\",\"url\":\"https:\/\/www.secuscan.com\/wp-content\/uploads\/2020\/01\/secuscan-logo.png\",\"contentUrl\":\"https:\/\/www.secuscan.com\/wp-content\/uploads\/2020\/01\/secuscan-logo.png\",\"width\":241,\"height\":54,\"caption\":\"SecuScan\"},\"image\":{\"@id\":\"https:\/\/www.secuscan.com\/de\/#\/schema\/logo\/image\/\"}}]}<\/script>\n<!-- \/ Yoast SEO plugin. -->","yoast_head_json":{"title":"Stellenangebot Softwareentwickler:In - SECUSCAN","description":"Join SecuScan\u00ae in Munich as a Software Engineer: build mission\u2011critical vehicle security systems, collaborate in agile teams, C\/C++, Java, Linux.","robots":{"index":"index","follow":"follow","max-snippet":"max-snippet:-1","max-image-preview":"max-image-preview:large","max-video-preview":"max-video-preview:-1"},"canonical":"https:\/\/www.secuscan.com\/de\/stellenangebot-softwareentwicklerin\/","og_locale":"de_DE","og_type":"article","og_title":"Stellenangebot Softwareentwickler:In - SECUSCAN","og_description":"Join SecuScan\u00ae in Munich as a Software Engineer: build mission\u2011critical vehicle security systems, collaborate in agile teams, C\/C++, Java, Linux.","og_url":"https:\/\/www.secuscan.com\/de\/stellenangebot-softwareentwicklerin\/","og_site_name":"SECUSCAN","article_modified_time":"2025-07-04T09:33:43+00:00","twitter_card":"summary_large_image","twitter_misc":{"Gesch\u00e4tzte Lesezeit":"3\u00a0Minuten"},"schema":{"@context":"https:\/\/schema.org","@graph":[{"@type":"WebPage","@id":"https:\/\/www.secuscan.com\/de\/stellenangebot-softwareentwicklerin\/","url":"https:\/\/www.secuscan.com\/de\/stellenangebot-softwareentwicklerin\/","name":"Stellenangebot Softwareentwickler:In - SECUSCAN","isPartOf":{"@id":"https:\/\/www.secuscan.com\/de\/#website"},"datePublished":"2020-08-13T09:14:06+00:00","dateModified":"2025-07-04T09:33:43+00:00","description":"Join SecuScan\u00ae in Munich as a Software Engineer: build mission\u2011critical vehicle security systems, collaborate in agile teams, C\/C++, Java, Linux.","breadcrumb":{"@id":"https:\/\/www.secuscan.com\/de\/stellenangebot-softwareentwicklerin\/#breadcrumb"},"inLanguage":"de","potentialAction":[{"@type":"ReadAction","target":["https:\/\/www.secuscan.com\/de\/stellenangebot-softwareentwicklerin\/"]}]},{"@type":"BreadcrumbList","@id":"https:\/\/www.secuscan.com\/de\/stellenangebot-softwareentwicklerin\/#breadcrumb","itemListElement":[{"@type":"ListItem","position":1,"name":"Home","item":"https:\/\/www.secuscan.com\/de\/"},{"@type":"ListItem","position":2,"name":"Stellenangebot Softwareentwickler:In"}]},{"@type":"WebSite","@id":"https:\/\/www.secuscan.com\/de\/#website","url":"https:\/\/www.secuscan.com\/de\/","name":"SECUSCAN","description":"UNDER VEHICLE INSPECTION SYSTEM","publisher":{"@id":"https:\/\/www.secuscan.com\/de\/#organization"},"potentialAction":[{"@type":"SearchAction","target":{"@type":"EntryPoint","urlTemplate":"https:\/\/www.secuscan.com\/de\/?s={search_term_string}"},"query-input":{"@type":"PropertyValueSpecification","valueRequired":true,"valueName":"search_term_string"}}],"inLanguage":"de"},{"@type":"Organization","@id":"https:\/\/www.secuscan.com\/de\/#organization","name":"SecuScan","url":"https:\/\/www.secuscan.com\/de\/","logo":{"@type":"ImageObject","inLanguage":"de","@id":"https:\/\/www.secuscan.com\/de\/#\/schema\/logo\/image\/","url":"https:\/\/www.secuscan.com\/wp-content\/uploads\/2020\/01\/secuscan-logo.png","contentUrl":"https:\/\/www.secuscan.com\/wp-content\/uploads\/2020\/01\/secuscan-logo.png","width":241,"height":54,"caption":"SecuScan"},"image":{"@id":"https:\/\/www.secuscan.com\/de\/#\/schema\/logo\/image\/"}}]}},"_links":{"self":[{"href":"https:\/\/www.secuscan.com\/de\/wp-json\/wp\/v2\/pages\/1762","targetHints":{"allow":["GET"]}}],"collection":[{"href":"https:\/\/www.secuscan.com\/de\/wp-json\/wp\/v2\/pages"}],"about":[{"href":"https:\/\/www.secuscan.com\/de\/wp-json\/wp\/v2\/types\/page"}],"author":[{"embeddable":true,"href":"https:\/\/www.secuscan.com\/de\/wp-json\/wp\/v2\/users\/1"}],"replies":[{"embeddable":true,"href":"https:\/\/www.secuscan.com\/de\/wp-json\/wp\/v2\/comments?post=1762"}],"version-history":[{"count":3,"href":"https:\/\/www.secuscan.com\/de\/wp-json\/wp\/v2\/pages\/1762\/revisions"}],"predecessor-version":[{"id":2063,"href":"https:\/\/www.secuscan.com\/de\/wp-json\/wp\/v2\/pages\/1762\/revisions\/2063"}],"wp:attachment":[{"href":"https:\/\/www.secuscan.com\/de\/wp-json\/wp\/v2\/media?parent=1762"}],"curies":[{"name":"wp","href":"https:\/\/api.w.org\/{rel}","templated":true}]}}